{"id":12792,"date":"2024-11-29T10:02:04","date_gmt":"2024-11-29T10:02:04","guid":{"rendered":"https:\/\/trivec.eu\/rechtliches\/"},"modified":"2025-10-24T06:40:44","modified_gmt":"2025-10-24T06:40:44","slug":"rechtliches","status":"publish","type":"page","link":"https:\/\/trivec.eu\/de\/rechtliches\/","title":{"rendered":"Rechtliches"},"content":{"rendered":"\t\t<div data-elementor-type=\"wp-page\" data-elementor-id=\"12792\" class=\"elementor elementor-12792 elementor-58\" data-elementor-post-type=\"page\">\n\t\t\t\t<div class=\"elementor-element elementor-element-38a108f e-flex e-con-boxed e-con e-parent\" data-id=\"38a108f\" data-element_type=\"container\" data-e-type=\"container\" data-settings=\"{&quot;jet_parallax_layout_list&quot;:[],&quot;background_background&quot;:&quot;classic&quot;}\">\n\t\t\t\t\t<div class=\"e-con-inner\">\n\t\t\t\t<div class=\"elementor-element elementor-element-6fc1fc8 e-n-tabs-mobile elementor-widget elementor-widget-n-tabs\" data-id=\"6fc1fc8\" data-element_type=\"widget\" data-e-type=\"widget\" data-settings=\"{&quot;tabs_justify_horizontal&quot;:&quot;stretch&quot;,&quot;horizontal_scroll&quot;:&quot;disable&quot;}\" data-widget_type=\"nested-tabs.default\">\n\t\t\t\t\t\t\t<div class=\"e-n-tabs\" data-widget-number=\"117186504\" aria-label=\"Tabs. Open items with Enter or Space, close with Escape and navigate using the Arrow keys.\">\n\t\t\t<div class=\"e-n-tabs-heading\" role=\"tablist\">\n\t\t\t\t\t<button id=\"e-n-tab-title-1171865041\" data-tab-title-id=\"e-n-tab-title-1171865041\" class=\"e-n-tab-title\" aria-selected=\"true\" data-tab-index=\"1\" role=\"tab\" tabindex=\"0\" aria-controls=\"e-n-tab-content-1171865041\" style=\"--n-tabs-title-order: 1;\">\n\t\t\t\t\t\t<span class=\"e-n-tab-title-text\">\n\t\t\t\tDatenschutzbestimmungen\t\t\t<\/span>\n\t\t<\/button>\n\t\t\t\t<button id=\"e-n-tab-title-1171865042\" data-tab-title-id=\"e-n-tab-title-1171865042\" class=\"e-n-tab-title\" aria-selected=\"false\" data-tab-index=\"2\" role=\"tab\" tabindex=\"-1\" aria-controls=\"e-n-tab-content-1171865042\" style=\"--n-tabs-title-order: 2;\">\n\t\t\t\t\t\t<span class=\"e-n-tab-title-text\">\n\t\t\t\tAllgemeine Gesch\u00e4ftsbedingungen (ENG)\t\t\t<\/span>\n\t\t<\/button>\n\t\t\t\t<button id=\"e-n-tab-title-1171865043\" data-tab-title-id=\"e-n-tab-title-1171865043\" class=\"e-n-tab-title\" aria-selected=\"false\" data-tab-index=\"3\" role=\"tab\" tabindex=\"-1\" aria-controls=\"e-n-tab-content-1171865043\" style=\"--n-tabs-title-order: 3;\">\n\t\t\t\t\t\t<span class=\"e-n-tab-title-text\">\n\t\t\t\tAllgemeine Gesch\u00e4ftsbedingungen (NL)\t\t\t<\/span>\n\t\t<\/button>\n\t\t\t\t<button id=\"e-n-tab-title-1171865044\" data-tab-title-id=\"e-n-tab-title-1171865044\" class=\"e-n-tab-title\" aria-selected=\"false\" data-tab-index=\"4\" role=\"tab\" tabindex=\"-1\" aria-controls=\"e-n-tab-content-1171865044\" style=\"--n-tabs-title-order: 4;\">\n\t\t\t\t\t\t<span class=\"e-n-tab-title-text\">\n\t\t\t\tHaftungsausschluss\t\t\t<\/span>\n\t\t<\/button>\n\t\t\t\t\t<\/div>\n\t\t\t<div class=\"e-n-tabs-content\">\n\t\t\t\t<div id=\"e-n-tab-content-1171865041\" role=\"tabpanel\" aria-labelledby=\"e-n-tab-title-1171865041\" data-tab-index=\"1\" style=\"--n-tabs-title-order: 1;\" class=\"e-active elementor-element elementor-element-c491352 e-con-full e-flex e-con e-child\" data-id=\"c491352\" data-element_type=\"container\" data-e-type=\"container\" data-settings=\"{&quot;jet_parallax_layout_list&quot;:[]}\">\n\t\t\t\t<div class=\"elementor-element elementor-element-42700dd elementor-widget elementor-widget-text-editor\" data-id=\"42700dd\" data-element_type=\"widget\" data-e-type=\"widget\" data-widget_type=\"text-editor.default\">\n\t\t\t\t\t\t\t\t\t<h1><strong>Datenschutz und Cookie-Richtlinie<\/strong><\/h1><p>Wir sind uns bewusst, dass Sie uns Ihr Vertrauen schenken. Wir sehen es daher als unsere Verantwortung an, Ihre Privatsph\u00e4re zu sch\u00fctzen. Auf dieser Seite finden Sie weitere Informationen dar\u00fcber, welche Daten wir sammeln, wenn Sie unsere Website nutzen, warum wir diese Informationen sammeln und wie wir die Nutzererfahrung verbessern.  <\/p><p>Diese Datenschutz- und Cookie-Richtlinie gilt f\u00fcr alle von Trivec bv (mit Sitz in den Niederlanden, Solcamastraat 25, 9262ND in Sumar, im Folgenden &#8222;Trivec&#8220;) angebotenen Dienste.<\/p><p>Wir respektieren Ihre Privatsph\u00e4re und befolgen alle Regeln und Vorschriften, die in den Datenschutzgesetzen und der Allgemeinen Datenschutzverordnung festgelegt sind.<\/p><p>Trivec kann diese Richtlinie jederzeit \u00e4ndern. Wir empfehlen Ihnen daher, diese Erkl\u00e4rung regelm\u00e4\u00dfig auf etwaige \u00c4nderungen zu \u00fcberpr\u00fcfen. <\/p><h2>Verarbeitete Informationen<\/h2><p>Trivec unterscheidet zwischen aktiv und passiv bereitgestellten Daten. Passiv zur Verf\u00fcgung gestellte Daten sind Informationen, die Sie den Administratoren von Websites geben, m\u00f6glicherweise ohne Ihr Wissen. Beim Besuch der Trivec-Website registrieren wir verschiedene technische Daten wie IP-Adresse, Betriebssystem, Browser, zuletzt besuchte Internetseite und die Seiten, die Sie auf unserer Website besuchen.  <\/p><p>Dar\u00fcber hinaus sammeln und verarbeiten wir auch Informationen, die Sie uns aktiv geben, wenn Sie ein Angebot anfordern. Diese Informationen erg\u00e4nzen wir mit \u00f6ffentlich zug\u00e4nglichen Informationen. Wir erheben und verarbeiten die folgenden Kategorien von personenbezogenen Daten:  <\/p><p>Naam<br>Kontaktinformationen<br>Position innerhalb des Unternehmens<\/p><h4>Sind Sie j\u00fcnger als 16 Jahre?<\/h4><p>Personen unter 16 Jahren d\u00fcrfen Trivec keine pers\u00f6nlichen Daten zur Verf\u00fcgung stellen, es sei denn, es liegt die ausdr\u00fcckliche Genehmigung eines Elternteils oder Erziehungsberechtigten vor, der diese Richtlinie gelesen und verstanden hat.<\/p><p>Wenn Sie davon \u00fcberzeugt sind, dass Trivec personenbezogene Daten eines Minderj\u00e4hrigen ohne die ausdr\u00fcckliche Zustimmung der Eltern oder Erziehungsberechtigten gesammelt hat, kontaktieren Sie uns bitte \u00fcber <a href=\"mailto:info@trivec.eu\">info@trivec.eu<\/a>, damit diese Daten gel\u00f6scht werden k\u00f6nnen.<\/p><h2>Unsere Verwendung der gesammelten Informationen<\/h2><h3>Inanspruchnahme unserer Dienstleistungen<\/h3><p>Wenn Sie sich f\u00fcr eine unserer Dienstleistungen bewerben, bitten wir Sie um pers\u00f6nliche Kontaktinformationen. Diese Informationen werden verwendet, um die von Ihnen angeforderten Dienstleistungen zu erbringen. Die Daten werden auf unseren gesch\u00fctzten Servern oder auf denen eines Dritten gespeichert.  <\/p><h3>Kommunikation<\/h3><p>Wenn Sie eine E-Mail oder eine andere Art von Nachricht senden, ist es m\u00f6glich, dass wir diese Nachricht speichern. Manchmal fragen wir Sie nach pers\u00f6nlichen Informationen, die f\u00fcr die aktuelle Situation relevant sind. Dies erm\u00f6glicht uns, Ihre Fragen\/Anfragen zu bearbeiten und zu beantworten. Die Daten werden auf unseren gesch\u00fctzten Servern oder auf denen eines Dritten gespeichert.   <\/p><h3>Cookies<\/h3><p>Wir sammeln Informationen, um unsere Kunden zu analysieren und unsere Dienstleistungen zu verbessern. Die Website verwendet &#8222;Cookies&#8220;, um zu analysieren, wie unsere Website von ihren Besuchern genutzt wird. Die erzeugten Informationen werden auf unseren gesch\u00fctzten Servern oder auf denen eines Dritten gespeichert. Dar\u00fcber hinaus verwenden wir diese Informationen, um unsere Dienstleistungen und die Website zu verbessern, um die Kundenreise zu analysieren und unsere Dienstleistungen und Produkte zu verbessern.   <\/p><p>Wenn Sie auf unserer Unternehmenswebsite und ihren Inhalten navigieren, ist Trivec berechtigt, Daten durch den Einsatz von allgemein akzeptierten Datenerfassungsinstrumenten wie Cookies und Web-Beacons zu sammeln (&#8222;Website-Navigationsinformationen&#8220;). Diese Web Beacons erfassen den von Ihnen verwendeten Browser, die Sprache des Browsers, Ihre IP-Adresse und die Aktionen, die Sie auf der Website des Unternehmens durchf\u00fchren (z. B. welche Seiten Sie besuchen und welche Links Sie nutzen). <\/p><h3>Verwendungszwecke<\/h3><p>Wir verwenden die von uns erhobenen Daten, um die von Ihnen angeforderten Dienstleistungen zu erbringen. Zu unseren Dienstleistungen geh\u00f6ren die Anzeige und Versendung von (personalisierten) Newslettern, Nachrichten und Werbung und\/oder ma\u00dfgeschneiderten Angeboten. Dar\u00fcber hinaus werden die Daten auch f\u00fcr notwendige Gesch\u00e4ftszwecke verwendet, z. B. f\u00fcr die Zusendung von (von Ihnen angeforderten) personalisierten Kostenvoranschl\u00e4gen, Auftragsbest\u00e4tigungen, Rechnungen und technischen Spezifikationen. Wir verwenden Ihre Daten, um Sie \u00fcber andere von Trivec angebotene Produkte oder Dienstleistungen zu informieren. Trivec sammelt und verwendet keine Daten f\u00fcr andere als die in dieser Datenschutzerkl\u00e4rung beschriebenen Zwecke, es sei denn, wir haben Ihre vorherige Zustimmung dazu eingeholt. Trivec verarbeitet Ihre personenbezogenen Daten auf der Grundlage der folgenden Rechtsgrundlagen:     <\/p><p>&#8211; Erlaubnis;<br>&#8211; Ausf\u00fchrung der Vereinbarung;<br>&#8211; Gesetzlich vorgeschrieben, z. B. bei Rechnungen.<\/p><h3>Dritte Parteien<\/h3><p>Die Informationen werden nicht an Dritte weitergegeben, sondern lediglich auf deren Servern gespeichert. In einigen F\u00e4llen k\u00f6nnen die Informationen intern weitergegeben werden. Unsere Mitarbeiter sind verpflichtet, diese Informationen vertraulich und respektvoll zu behandeln.  <\/p><h3>\u00c4nderungen<\/h3><p>Diese Datenschutz- und Cookie-Richtlinie ist auf die Nutzung unserer Website und die M\u00f6glichkeiten dieser Website abgestimmt. \u00c4nderungen an der Website k\u00f6nnen zu \u00c4nderungen an dieser Datenschutz- und Cookie-Richtlinie f\u00fchren. Wir empfehlen Ihnen daher, diese Erkl\u00e4rung regelm\u00e4\u00dfig auf etwaige \u00c4nderungen zu \u00fcberpr\u00fcfen.  <\/p><h3>\u00c4ndern\/Abbestellen von Newslettern<\/h3><p>Am Ende eines jeden Newsletters finden Sie die M\u00f6glichkeit, Ihre Daten zu \u00e4ndern oder sich abzumelden.<\/p><h3>Kommunikation \u00e4ndern\/abbestellen<\/h3><p>Wenn Sie Ihre Daten \u00e4ndern oder aus unseren Dateien l\u00f6schen lassen m\u00f6chten, wenden Sie sich bitte an uns. Siehe Kontaktangaben unten. <\/p><h3>Cookies deaktivieren<\/h3><p>Die meisten Browser sind so eingestellt, dass sie Cookies standardm\u00e4\u00dfig akzeptieren. Sie k\u00f6nnen die Einstellungen \u00e4ndern, um alle Cookies abzulehnen oder um zu \u00e4ndern, welche Cookies gesendet werden sollen. Es kann vorkommen, dass einige Funktionen und Dienste auf unserer und anderen Websites nicht richtig funktionieren, wenn Cookies in Ihrem Browser deaktiviert sind.  <\/p><h2>Gesammelte Informationen<\/h2><p>Trivec verwendet Google Analytics, um zu analysieren, wie Besucher auf unserer Website landen. Wir erhalten keine IP-Adressen oder andere pers\u00f6nliche Informationen, wenn wir diesen Dienst nutzen. Wenn Sie mit uns Kontakt aufnehmen, verarbeiten wir den Namen und die E-Mail-Adresse sowie andere \u00f6ffentlich zug\u00e4ngliche Informationen zum Ausf\u00fcllen des Kontaktformulars, wie unter &#8222;Verarbeitete Informationen&#8220; angegeben. Diesen Schritt f\u00fchren wir auch durch, wenn Sie sich f\u00fcr unsere Newsletter anmelden. Bei Firmenkunden und Kontakten \u00fcberpr\u00fcfen wir die Handelskammernummer. Falls erforderlich, wird auch eine Umsatzsteuer-Identifikationsnummer verarbeitet.     <\/p><h3>Zweck<\/h3><p>Die gesammelten Informationen werden nur verwendet, um mit Ihnen in Kontakt zu treten, Fragen zu beantworten oder Dokumente zu versenden, die f\u00fcr unsere Dienstleistungen erforderlich sind. Den Newsletter erhalten Sie nur, wenn Sie sich ausdr\u00fccklich daf\u00fcr angemeldet haben. Wenn Sie den Newsletter abbestellen, werden die Daten aus unserer Datenbank gel\u00f6scht.  <\/p><p>Pers\u00f6nliche Daten werden nicht ver\u00f6ffentlicht oder an Dritte weitergegeben. Die Daten werden nur dann an eine externe Organisation weitergegeben, wenn dies aufgrund einer Umstrukturierung von Trivec &#8211; in welcher Form auch immer &#8211; unbedingt erforderlich ist. <\/p><h3>Recht auf Zugang, Berichtigung und L\u00f6schung<\/h3><p>Sie haben das Recht, Ihre pers\u00f6nlichen Daten einzusehen, zu korrigieren oder zu l\u00f6schen. Wir verarbeiten keine Informationen auf der Grundlage von Cookies. Wir haben auch keinen Einfluss auf die Verwendung von Cookies \u00fcber Social-Media-Kan\u00e4le. Die Informationen, die wir \u00fcber Google Analytics haben, sind nicht auf eine einzelne Person r\u00fcckf\u00fchrbar. Wenn Sie Fragen hierzu haben oder Ihre pers\u00f6nlichen Daten einsehen, korrigieren oder l\u00f6schen m\u00f6chten, senden Sie uns bitte eine E-Mail an <a href=\"mailto:info@trivec.eu\">info@trivec.eu.<\/a>    <\/p><h2>Recht auf Einspruch<\/h2><p>Wenn Sie mit der Art und Weise, wie wir Ihre personenbezogenen Daten verarbeiten, nicht einverstanden sind und wir keine gemeinsame L\u00f6sung finden k\u00f6nnen, k\u00f6nnen Sie eine Beschwerde an die Autoriteit Persoonsgegevens (Beh\u00f6rde f\u00fcr personenbezogene Daten) richten. Diese kann gesendet werden an: <\/p><p>Autoriteit Persoonsgegevens<br>Postbus 93374<br>2509 AJ DEN HAAG (Die Niederlande)<\/p><h3>Dauer der Lagerung<\/h3><p>Ihre Daten werden so lange gespeichert, wie sie f\u00fcr den oben genannten Zweck erforderlich sind. Nach einem Antrag auf L\u00f6schung hat Trivec 30 Tage Zeit, Ihre Daten zu l\u00f6schen. Nach der L\u00f6schung werden Sie innerhalb eines Tages \u00fcber die gel\u00f6schten Daten benachrichtigt. In komplexen Situationen halten wir eine Frist von 60 Tagen ein. In solchen F\u00e4llen werden Sie innerhalb der 30 Tage \u00fcber die Verz\u00f6gerung informiert.    <\/p><h2>Identit\u00e4t des Unternehmens<\/h2><p><strong>Trivec<\/strong><br>Solcamastraat 25<br>9262 ND SUMAR (Niederlande)<br>Handelskammernummer 9041675<br>E-Mail: <a href=\"mailto:info@trivec.eu\">info@trivec.eu<\/a><br>Tel.: +31 (0)512 510035<\/p><p><em>Diese Datenschutz- und Cookie-Richtlinie wurde am 4. Februar 2025 aktualisiert.<\/em><\/p>\t\t\t\t\t\t\t\t<\/div>\n\t\t\t\t<\/div>\n\t\t<div id=\"e-n-tab-content-1171865042\" role=\"tabpanel\" aria-labelledby=\"e-n-tab-title-1171865042\" data-tab-index=\"2\" style=\"--n-tabs-title-order: 2;\" class=\" elementor-element elementor-element-2dd1a8c e-con-full e-flex e-con e-child\" data-id=\"2dd1a8c\" data-element_type=\"container\" data-e-type=\"container\" data-settings=\"{&quot;jet_parallax_layout_list&quot;:[]}\">\n\t\t\t\t<div class=\"elementor-element elementor-element-a09efed elementor-widget elementor-widget-html\" data-id=\"a09efed\" data-element_type=\"widget\" data-e-type=\"widget\" data-widget_type=\"html.default\">\n\t\t\t\t\t<div>\r\n\r\n\r\n    <meta charset=\"UTF-8\">\r\n    <meta name=\"viewport\" content=\"width=device-width, initial-scale=1.0\">\r\n    <title>Trivec Dokumente<\/title>\r\n    <style>\r\n        iframe {\r\n            width: 100%;\r\n            height: 800px;\r\n            border: none;\r\n        }\r\n    <\/style>\r\n\r\n\r\n\r\n    <iframe data-src=\"https:\/\/trivec.eu\/wp-content\/uploads\/2025\/02\/Trivec-General-Terms-and-Conditions-2025-UK-translation-from-Dutch.pdf\" src=\"data:image\/svg+xml;base64,PHN2ZyB3aWR0aD0iMSIgaGVpZ2h0PSIxIiB4bWxucz0iaHR0cDovL3d3dy53My5vcmcvMjAwMC9zdmciPjwvc3ZnPg==\" class=\"lazyload\" data-load-mode=\"1\">Klicken Sie hier<\/a> om de privacy policy te bekijken.\r\n   <\/iframe> \r\n\r\n\r\n\r\n\r\n<\/div>\t\t\t\t<\/div>\n\t\t\t\t<\/div>\n\t\t<div id=\"e-n-tab-content-1171865043\" role=\"tabpanel\" aria-labelledby=\"e-n-tab-title-1171865043\" data-tab-index=\"3\" style=\"--n-tabs-title-order: 3;\" class=\" elementor-element elementor-element-67d6986 e-con-full e-flex e-con e-child\" data-id=\"67d6986\" data-element_type=\"container\" data-e-type=\"container\" data-settings=\"{&quot;jet_parallax_layout_list&quot;:[]}\">\n\t\t\t\t<div class=\"elementor-element elementor-element-a2bbb5a elementor-widget elementor-widget-html\" data-id=\"a2bbb5a\" data-element_type=\"widget\" data-e-type=\"widget\" data-widget_type=\"html.default\">\n\t\t\t\t\t<div>\r\n\r\n\r\n    <meta charset=\"UTF-8\">\r\n    <meta name=\"viewport\" content=\"width=device-width, initial-scale=1.0\">\r\n    <title>Trivec Dokumente<\/title>\r\n    <style>\r\n        iframe {\r\n            width: 100%;\r\n            height: 800px;\r\n            border: none;\r\n        }\r\n    <\/style>\r\n\r\n\r\n\r\n    <iframe data-src=\"https:\/\/trivec.eu\/wp-content\/uploads\/2025\/02\/Trivec-Algemene-Voorwaarden-2025-NL.pdf\" src=\"data:image\/svg+xml;base64,PHN2ZyB3aWR0aD0iMSIgaGVpZ2h0PSIxIiB4bWxucz0iaHR0cDovL3d3dy53My5vcmcvMjAwMC9zdmciPjwvc3ZnPg==\" class=\"lazyload\" data-load-mode=\"1\">Klicken Sie hier<\/a> om de privacy policy te bekijken.\r\n   <\/iframe> \r\n\r\n\r\n\r\n\r\n<\/div>\t\t\t\t<\/div>\n\t\t\t\t<\/div>\n\t\t<div id=\"e-n-tab-content-1171865044\" role=\"tabpanel\" aria-labelledby=\"e-n-tab-title-1171865044\" data-tab-index=\"4\" style=\"--n-tabs-title-order: 4;\" class=\" elementor-element elementor-element-4fdb338 e-con-full e-flex e-con e-child\" data-id=\"4fdb338\" data-element_type=\"container\" data-e-type=\"container\" data-settings=\"{&quot;jet_parallax_layout_list&quot;:[]}\">\n\t\t\t\t<div class=\"elementor-element elementor-element-15eb0ff elementor-widget elementor-widget-text-editor\" data-id=\"15eb0ff\" data-element_type=\"widget\" data-e-type=\"widget\" data-widget_type=\"text-editor.default\">\n\t\t\t\t\t\t\t\t\t<h1><strong>Haftungsausschluss<\/strong><\/h1><p>Die Nutzung dieser Website<a href=\"http:\/\/www.trivec.eu\">(www.trivec.eu)<\/a> unterliegt den folgenden Nutzungsbedingungen. Durch die Nutzung dieser Website wird davon ausgegangen, dass Sie die Nutzungsbedingungen gelesen und akzeptiert haben. <\/p><h2>Nutzung von Informationen<\/h2><p>Trivec ist bestrebt, auf dieser Website stets genaue, aktuelle und vollst\u00e4ndige Informationen bereitzustellen. Diese Informationen sind nur f\u00fcr allgemeine Informationszwecke bestimmt. Obwohl diese Informationen mit gr\u00f6\u00dftm\u00f6glicher Sorgfalt zusammengestellt wurden, \u00fcbernimmt Trivec keine Haftung f\u00fcr etwaige Ungenauigkeiten oder Auslassungen in den bereitgestellten Informationen.  <\/p><p>Aus den Informationen k\u00f6nnen keine Rechte abgeleitet werden und Trivec beh\u00e4lt sich das Recht vor, den Inhalt der Website jederzeit und ohne vorherige Ank\u00fcndigung zu \u00e4ndern. Trivec \u00fcbernimmt keine Haftung f\u00fcr Sch\u00e4den, die sich aus der Nutzung der Informationen oder der Website ergeben, und auch nicht f\u00fcr eine Fehlfunktion der Website. <\/p><p>Das Senden und Empfangen von Informationen \u00fcber die Website oder die Formulare auf der Website oder per E-Mail bedeutet nicht, dass ein Vertragsverh\u00e4ltnis zwischen Trivec und dem Nutzer der Website zustande kommt.<\/p><p>Die rechtlichen Informationen auf der Website sind allgemeiner Natur und k\u00f6nnen nicht als Ersatz f\u00fcr eine Rechtsberatung angesehen werden.<\/p><h2>E-Mail<\/h2><p>Trivec setzt alles daran, einen guten und sicheren E-Mail-Verkehr zu erreichen. Trivec kann jedoch nicht garantieren, dass an Trivec gesendete E-Mails immer (rechtzeitig) empfangen oder verarbeitet werden, da der rechtzeitige Empfang von E-Mails teilweise von der Leistung Dritter abh\u00e4ngt und daher nicht garantiert werden kann. <\/p><p>Auch die Sicherheit des E-Mail-Verkehrs kann aufgrund der damit verbundenen Sicherheitsrisiken nicht vollst\u00e4ndig gew\u00e4hrleistet werden. Wenn Sie mit Trivec per E-Mail ohne Verschl\u00fcsselung oder Passwortschutz korrespondieren, akzeptieren Sie dieses Risiko. <\/p><h2>Hyperlinks<\/h2><p>Diese Website kann Hyperlinks zu Websites Dritter enthalten. Trivec hat keine Kontrolle \u00fcber die Websites Dritter und ist nicht verantwortlich f\u00fcr deren Verf\u00fcgbarkeit oder Inhalt und \u00fcbernimmt keine Haftung f\u00fcr Sch\u00e4den, die aus der Nutzung dieser Websites entstehen. <\/p><h2>Rechte an geistigem Eigentum<\/h2><p>Alle Inhalte auf dieser Website, wie Texte, Bilder, Logos und andere Materialien, sind Eigentum von Trivec oder werden mit Genehmigung der rechtm\u00e4\u00dfigen Eigent\u00fcmer verwendet. Es ist nicht gestattet, diese Inhalte ohne die vorherige schriftliche Zustimmung von Trivec zu kopieren, zu verbreiten oder auf andere Weise zu nutzen. <\/p><h2>Zuschreibung<\/h2><p>Dieser Haftungsausschluss wurde von Trivec B.V., Solcamastraat 25 in Sumar (Handelskammernummer 9041675) im Februar 2025 erstellt und kann sich in Zukunft \u00e4ndern. Wenn Sie Fragen haben, nehmen Sie bitte Kontakt mit uns auf \u00fcber E-Mail: <a href=\"mailto:info@trivec.eu\">info@trivec.eu<\/a> oder \u00fcber die Telefonnummer +31 (0)512 510035. <br><br><em>Hinweis: Dieser Haftungsausschluss wurde aus der niederl\u00e4ndischen Originalfassung \u00fcbersetzt.<\/em><\/p>\t\t\t\t\t\t\t\t<\/div>\n\t\t\t\t<\/div>\n\t\t\t\t\t<\/div>\n\t\t<\/div>\n\t\t\t\t\t\t<\/div>\n\t\t\t\t\t<\/div>\n\t\t\t\t<\/div>\n\t\t\t\t<\/div>\n\t\t","protected":false},"excerpt":{"rendered":"<p>Datenschutzbestimmungen Allgemeine Gesch\u00e4ftsbedingungen (ENG) Allgemeine Gesch\u00e4ftsbedingungen (NL) Haftungsausschluss Datenschutz und Cookie-Richtlinie Wir sind uns bewusst, dass Sie uns Ihr Vertrauen schenken. Wir sehen es daher als unsere Verantwortung an, Ihre Privatsph\u00e4re zu sch\u00fctzen. Auf dieser Seite finden Sie weitere Informationen dar\u00fcber, welche Daten wir sammeln, wenn Sie unsere Website nutzen, warum wir diese Informationen sammeln [&hellip;]<\/p>\n","protected":false},"author":1,"featured_media":0,"parent":0,"menu_order":99,"comment_status":"closed","ping_status":"closed","template":"elementor_header_footer","meta":{"footnotes":""},"class_list":["post-12792","page","type-page","status-publish","hentry"],"_links":{"self":[{"href":"https:\/\/trivec.eu\/de\/wp-json\/wp\/v2\/pages\/12792","targetHints":{"allow":["GET"]}}],"collection":[{"href":"https:\/\/trivec.eu\/de\/wp-json\/wp\/v2\/pages"}],"about":[{"href":"https:\/\/trivec.eu\/de\/wp-json\/wp\/v2\/types\/page"}],"author":[{"embeddable":true,"href":"https:\/\/trivec.eu\/de\/wp-json\/wp\/v2\/users\/1"}],"replies":[{"embeddable":true,"href":"https:\/\/trivec.eu\/de\/wp-json\/wp\/v2\/comments?post=12792"}],"version-history":[{"count":0,"href":"https:\/\/trivec.eu\/de\/wp-json\/wp\/v2\/pages\/12792\/revisions"}],"wp:attachment":[{"href":"https:\/\/trivec.eu\/de\/wp-json\/wp\/v2\/media?parent=12792"}],"curies":[{"name":"wp","href":"https:\/\/api.w.org\/{rel}","templated":true}]}}