{"id":16011,"date":"2025-11-26T15:12:16","date_gmt":"2025-11-26T15:12:16","guid":{"rendered":"https:\/\/trivec.eu\/visita-trivec-en-domotex-2026\/"},"modified":"2026-01-16T09:26:10","modified_gmt":"2026-01-16T09:26:10","slug":"visita-trivec-en-domotex-2026","status":"publish","type":"page","link":"https:\/\/trivec.eu\/es\/visita-trivec-en-domotex-2026\/","title":{"rendered":"Visita Trivec en DOMOTEX 2026"},"content":{"rendered":"\t\t<div data-elementor-type=\"wp-page\" data-elementor-id=\"16011\" class=\"elementor elementor-16011 elementor-14375\" data-elementor-post-type=\"page\">\n\t\t\t\t<div class=\"elementor-element elementor-element-045f184 e-flex e-con-boxed e-con e-parent\" data-id=\"045f184\" data-element_type=\"container\" data-e-type=\"container\" data-settings=\"{&quot;background_background&quot;:&quot;classic&quot;,&quot;jet_parallax_layout_list&quot;:[]}\">\n\t\t\t\t\t<div class=\"e-con-inner\">\n\t\t<div class=\"elementor-element elementor-element-88c6063 e-con-full e-flex e-con e-child\" data-id=\"88c6063\" data-element_type=\"container\" data-e-type=\"container\" data-settings=\"{&quot;jet_parallax_layout_list&quot;:[]}\">\n\t\t<div class=\"elementor-element elementor-element-523e11b e-con-full e-flex e-con e-child\" data-id=\"523e11b\" data-element_type=\"container\" data-e-type=\"container\" data-settings=\"{&quot;jet_parallax_layout_list&quot;:[]}\">\n\t\t\t\t<div class=\"elementor-element elementor-element-8997d8a elementor-widget elementor-widget-shortcode\" data-id=\"8997d8a\" data-element_type=\"widget\" data-e-type=\"widget\" data-widget_type=\"shortcode.default\">\n\t\t\t\t\t\t\t<div class=\"elementor-shortcode\"><nav aria-label=\"breadcrumbs\" class=\"rank-math-breadcrumb\"><p><span class=\"last\">Inicio<\/span><\/p><\/nav><\/div>\n\t\t\t\t\t\t<\/div>\n\t\t\t\t<div class=\"elementor-element elementor-element-4e56276 elementor-widget-divider--view-line elementor-widget elementor-widget-divider\" data-id=\"4e56276\" data-element_type=\"widget\" data-e-type=\"widget\" data-widget_type=\"divider.default\">\n\t\t\t\t\t\t\t<div class=\"elementor-divider\">\n\t\t\t<span class=\"elementor-divider-separator\">\n\t\t\t\t\t\t<\/span>\n\t\t<\/div>\n\t\t\t\t\t\t<\/div>\n\t\t\t\t<div class=\"elementor-element elementor-element-fabdd98 elementor-widget elementor-widget-text-editor\" data-id=\"fabdd98\" data-element_type=\"widget\" data-e-type=\"widget\" data-widget_type=\"text-editor.default\">\n\t\t\t\t\t\t\t\t\tTrivec estar\u00e1 presente en DOMOTEX 2026. A lo largo de la exposici\u00f3n haremos demostraciones de m\u00e1quinas en funcionamiento y compartiremos los \u00faltimos avances en texturado y acabado de la madera. Como uno de nuestros clientes actuales, est\u00e1s cordialmente invitado a unirte a nosotros en el stand y experimentar de cerca nuestra \u00faltima tecnolog\u00eda.  \t\t\t\t\t\t\t\t<\/div>\n\t\t<div class=\"elementor-element elementor-element-bb9b161 e-con-full e-flex e-con e-child\" data-id=\"bb9b161\" data-element_type=\"container\" data-e-type=\"container\" data-settings=\"{&quot;jet_parallax_layout_list&quot;:[]}\">\n\t\t\t\t<div class=\"elementor-element elementor-element-fc461b7 elementor-widget elementor-widget-button\" data-id=\"fc461b7\" data-element_type=\"widget\" data-e-type=\"widget\" data-widget_type=\"button.default\">\n\t\t\t\t\t\t\t\t\t\t<a class=\"elementor-button elementor-button-link elementor-size-sm\" href=\"https:\/\/www.domotex.de\/en\/application\/registration\/direct-entry-tickets-passes?code=qG0Ta\" target=\"_blank\" rel=\"noopener\">\n\t\t\t\t\t\t<span class=\"elementor-button-content-wrapper\">\n\t\t\t\t\t\t\t\t\t<span class=\"elementor-button-text\">Consigue tu entrada gratuita<\/span>\n\t\t\t\t\t<\/span>\n\t\t\t\t\t<\/a>\n\t\t\t\t\t\t\t\t<\/div>\n\t\t\t\t<\/div>\n\t\t\t\t<\/div>\n\t\t<div class=\"elementor-element elementor-element-6bd3465 e-con-full elementor-hidden-mobile e-flex e-con e-child\" data-id=\"6bd3465\" data-element_type=\"container\" data-e-type=\"container\" data-settings=\"{&quot;jet_parallax_layout_list&quot;:[]}\">\n\t\t\t\t<\/div>\n\t\t\t\t<\/div>\n\t\t\t\t\t<\/div>\n\t\t\t\t<\/div>\n\t\t<div class=\"elementor-element elementor-element-b2670a8 e-flex e-con-boxed e-con e-parent\" data-id=\"b2670a8\" data-element_type=\"container\" data-e-type=\"container\" data-settings=\"{&quot;jet_parallax_layout_list&quot;:[],&quot;background_background&quot;:&quot;classic&quot;}\">\n\t\t\t\t\t<div class=\"e-con-inner\">\n\t\t<div class=\"elementor-element elementor-element-9482a74 e-con-full elementor-hidden-mobile e-flex e-con e-child\" data-id=\"9482a74\" data-element_type=\"container\" data-e-type=\"container\" data-settings=\"{&quot;jet_parallax_layout_list&quot;:[]}\">\n\t\t\t\t<div class=\"elementor-element elementor-element-a8fc4fa elementor-widget elementor-widget-image\" data-id=\"a8fc4fa\" data-element_type=\"widget\" data-e-type=\"widget\" data-widget_type=\"image.default\">\n\t\t\t\t\t\t\t\t\t\t\t\t\t\t\t<img decoding=\"async\" width=\"800\" height=\"800\" data-src=\"https:\/\/trivec.eu\/wp-content\/uploads\/2026\/01\/Rotor-cup-brushing-machine-cabin-web.png\" class=\"attachment-large size-large wp-image-16013 lazyload\" alt=\"\" data-srcset=\"https:\/\/trivec.eu\/wp-content\/uploads\/2026\/01\/Rotor-cup-brushing-machine-cabin-web.png 800w, https:\/\/trivec.eu\/wp-content\/uploads\/2026\/01\/Rotor-cup-brushing-machine-cabin-web-300x300.png 300w, https:\/\/trivec.eu\/wp-content\/uploads\/2026\/01\/Rotor-cup-brushing-machine-cabin-web-150x150.png 150w, https:\/\/trivec.eu\/wp-content\/uploads\/2026\/01\/Rotor-cup-brushing-machine-cabin-web-768x768.png 768w\" data-sizes=\"auto\" title=\"\" src=\"data:image\/svg+xml;base64,PHN2ZyB3aWR0aD0iMSIgaGVpZ2h0PSIxIiB4bWxucz0iaHR0cDovL3d3dy53My5vcmcvMjAwMC9zdmciPjwvc3ZnPg==\" style=\"--smush-placeholder-width: 800px; --smush-placeholder-aspect-ratio: 800\/800;\" data-original-sizes=\"(max-width: 800px) 100vw, 800px\">\t\t\t\t\t\t\t\t\t\t\t\t\t\t\t<\/div>\n\t\t\t\t<\/div>\n\t\t<div class=\"elementor-element elementor-element-cf526a3 e-con-full e-flex e-con e-child\" data-id=\"cf526a3\" data-element_type=\"container\" data-e-type=\"container\" data-settings=\"{&quot;jet_parallax_layout_list&quot;:[]}\">\n\t\t\t\t<div class=\"elementor-element elementor-element-0039a11 elementor-widget elementor-widget-heading\" data-id=\"0039a11\" data-element_type=\"widget\" data-e-type=\"widget\" data-widget_type=\"heading.default\">\n\t\t\t\t\t<h2 class=\"elementor-heading-title elementor-size-default\">19-22 de enero de 2026 | Hannover, Alemania<\/h2>\t\t\t\t<\/div>\n\t\t\t\t<div class=\"elementor-element elementor-element-cbcad40 elementor-widget elementor-widget-heading\" data-id=\"cbcad40\" data-element_type=\"widget\" data-e-type=\"widget\" data-widget_type=\"heading.default\">\n\t\t\t\t\t<h2 class=\"elementor-heading-title elementor-size-default\">Descubre la nueva Cepilladora de Rotor<\/h2>\t\t\t\t<\/div>\n\t\t\t\t<div class=\"elementor-element elementor-element-0d3f5f8 elementor-widget-divider--view-line elementor-widget elementor-widget-divider\" data-id=\"0d3f5f8\" data-element_type=\"widget\" data-e-type=\"widget\" data-widget_type=\"divider.default\">\n\t\t\t\t\t\t\t<div class=\"elementor-divider\">\n\t\t\t<span class=\"elementor-divider-separator\">\n\t\t\t\t\t\t<\/span>\n\t\t<\/div>\n\t\t\t\t\t\t<\/div>\n\t\t\t\t<div class=\"elementor-element elementor-element-0c5c8b9 elementor-widget elementor-widget-text-editor\" data-id=\"0c5c8b9\" data-element_type=\"widget\" data-e-type=\"widget\" data-widget_type=\"text-editor.default\">\n\t\t\t\t\t\t\t\t\t<p data-start=\"336\" data-end=\"756\">Este a\u00f1o se estrena nuestra flamante <strong data-start=\"854\" data-end=\"884\">M\u00e1quina de Cepillado de Rotor de Copa<\/strong>. Visita nuestro stand para explorar la m\u00e1quina en detalle, ver su construcci\u00f3n de cerca y hablar con nuestro equipo sobre c\u00f3mo la tecnolog\u00eda de cepillado de copas crea texturas 3D profundas y naturales.<br data-start=\"1061\" data-end=\"1064\">Te guiaremos a trav\u00e9s de las estaciones de rotor, los tipos de cepillo y las opciones de configuraci\u00f3n, y hablaremos de c\u00f3mo la m\u00e1quina puede encajar en tu l\u00ednea de producci\u00f3n actual o futura. <\/p>\t\t\t\t\t\t\t\t<\/div>\n\t\t<div class=\"elementor-element elementor-element-eff4177 e-con-full e-flex e-con e-child\" data-id=\"eff4177\" data-element_type=\"container\" data-e-type=\"container\" data-settings=\"{&quot;jet_parallax_layout_list&quot;:[]}\">\n\t\t\t\t<div class=\"elementor-element elementor-element-c43f857 elementor-align-left elementor-widget elementor-widget-button\" data-id=\"c43f857\" data-element_type=\"widget\" data-e-type=\"widget\" data-widget_type=\"button.default\">\n\t\t\t\t\t\t\t\t\t\t<a class=\"elementor-button elementor-button-link elementor-size-sm\" href=\"https:\/\/trivec.eu\/es\/producten\/cepilladora-de-vasos-de-rotor\/\" target=\"_blank\">\n\t\t\t\t\t\t<span class=\"elementor-button-content-wrapper\">\n\t\t\t\t\t\t\t\t\t<span class=\"elementor-button-text\">Ver la Cepilladora de vasos de rotor<\/span>\n\t\t\t\t\t<\/span>\n\t\t\t\t\t<\/a>\n\t\t\t\t\t\t\t\t<\/div>\n\t\t\t\t<div class=\"elementor-element elementor-element-b21e192 elementor-align-left elementor-widget elementor-widget-button\" data-id=\"b21e192\" data-element_type=\"widget\" data-e-type=\"widget\" data-widget_type=\"button.default\">\n\t\t\t\t\t\t\t\t\t\t<a class=\"elementor-button elementor-button-link elementor-size-sm\" href=\"https:\/\/www.domotex.de\/en\/application\/registration\/direct-entry-tickets-passes?code=qG0Ta\" target=\"_blank\" rel=\"noopener\">\n\t\t\t\t\t\t<span class=\"elementor-button-content-wrapper\">\n\t\t\t\t\t\t\t\t\t<span class=\"elementor-button-text\">Consigue tu entrada gratuita<\/span>\n\t\t\t\t\t<\/span>\n\t\t\t\t\t<\/a>\n\t\t\t\t\t\t\t\t<\/div>\n\t\t\t\t<\/div>\n\t\t\t\t<\/div>\n\t\t\t\t\t<\/div>\n\t\t\t\t<\/div>\n\t\t<div class=\"elementor-element elementor-element-10b9b78 e-flex e-con-boxed e-con e-parent\" data-id=\"10b9b78\" data-element_type=\"container\" data-e-type=\"container\" data-settings=\"{&quot;jet_parallax_layout_list&quot;:[]}\">\n\t\t\t\t\t<div class=\"e-con-inner\">\n\t\t<div class=\"elementor-element elementor-element-fd4cbe7 e-con-full e-flex e-con e-child\" data-id=\"fd4cbe7\" data-element_type=\"container\" data-e-type=\"container\" data-settings=\"{&quot;jet_parallax_layout_list&quot;:[]}\">\n\t\t<div class=\"elementor-element elementor-element-64e9051 e-con-full e-flex e-con e-child\" data-id=\"64e9051\" data-element_type=\"container\" data-e-type=\"container\" data-settings=\"{&quot;jet_parallax_layout_list&quot;:[]}\">\n\t\t\t\t<div class=\"elementor-element elementor-element-d62cf49 elementor-widget elementor-widget-heading\" data-id=\"d62cf49\" data-element_type=\"widget\" data-e-type=\"widget\" data-widget_type=\"heading.default\">\n\t\t\t\t\t<h2 class=\"elementor-heading-title elementor-size-default\">Otras m\u00e1quinas expuestas<\/h2>\t\t\t\t<\/div>\n\t\t\t\t<div class=\"elementor-element elementor-element-5246f9c elementor-widget-divider--view-line elementor-widget elementor-widget-divider\" data-id=\"5246f9c\" data-element_type=\"widget\" data-e-type=\"widget\" data-widget_type=\"divider.default\">\n\t\t\t\t\t\t\t<div class=\"elementor-divider\">\n\t\t\t<span class=\"elementor-divider-separator\">\n\t\t\t\t\t\t<\/span>\n\t\t<\/div>\n\t\t\t\t\t\t<\/div>\n\t\t\t\t<div class=\"elementor-element elementor-element-42511d8 elementor-widget__width-initial elementor-widget elementor-widget-text-editor\" data-id=\"42511d8\" data-element_type=\"widget\" data-e-type=\"widget\" data-widget_type=\"text-editor.default\">\n\t\t\t\t\t\t\t\t\t<p>Adem\u00e1s de la m\u00e1quina cepilladora de vasos de rotor, tambi\u00e9n puedes explorar otras soluciones de Trivec en el stand.<br data-start=\"1392\" data-end=\"1395\">Juntos creamos sistemas que te ayudan a crecer, mejorar y trabajar de forma m\u00e1s eficiente y sostenible.<\/p>\t\t\t\t\t\t\t\t<\/div>\n\t\t\t\t<\/div>\n\t\t<div class=\"elementor-element elementor-element-d5c7598 e-con-full e-flex e-con e-child\" data-id=\"d5c7598\" data-element_type=\"container\" data-e-type=\"container\" data-settings=\"{&quot;jet_parallax_layout_list&quot;:[]}\">\n\t\t\t\t<div class=\"elementor-element elementor-element-50f3fd8 elementor-align-right elementor-widget elementor-widget-button\" data-id=\"50f3fd8\" data-element_type=\"widget\" data-e-type=\"widget\" data-widget_type=\"button.default\">\n\t\t\t\t\t\t\t\t\t\t<a class=\"elementor-button elementor-button-link elementor-size-sm\" href=\"https:\/\/www.domotex.de\/en\/application\/registration\/direct-entry-tickets-passes?code=qG0Ta\" target=\"_blank\" rel=\"noopener\">\n\t\t\t\t\t\t<span class=\"elementor-button-content-wrapper\">\n\t\t\t\t\t\t\t\t\t<span class=\"elementor-button-text\">Consigue tu entrada gratuita<\/span>\n\t\t\t\t\t<\/span>\n\t\t\t\t\t<\/a>\n\t\t\t\t\t\t\t\t<\/div>\n\t\t\t\t<\/div>\n\t\t\t\t<\/div>\n\t\t<div class=\"elementor-element elementor-element-a980fc5 e-con-full e-flex e-con e-child\" data-id=\"a980fc5\" data-element_type=\"container\" data-e-type=\"container\" data-settings=\"{&quot;jet_parallax_layout_list&quot;:[]}\">\n\t\t\t\t<div class=\"elementor-element elementor-element-43e15b7 elementor-flip-box--effect-fade elementor-widget elementor-widget-flip-box\" data-id=\"43e15b7\" data-element_type=\"widget\" data-e-type=\"widget\" data-widget_type=\"flip-box.default\">\n\t\t\t\t\t\t\t<div class=\"elementor-flip-box\" tabindex=\"0\">\n\t\t\t<div class=\"elementor-flip-box__layer elementor-flip-box__front\">\n\t\t\t\t<div class=\"elementor-flip-box__layer__overlay\">\n\t\t\t\t\t<div class=\"elementor-flip-box__layer__inner\">\n\t\t\t\t\t\t\n\t\t\t\t\t\t\t\t\t\t\t\t\t<h3 class=\"elementor-flip-box__layer__title\">\n\t\t\t\t\t\t\t\tCepilladora Dos unidades de cepillado\t\t\t\t\t\t\t<\/h3>\n\t\t\t\t\t\t\n\t\t\t\t\t\t\t\t\t\t\t\t\t<div class=\"elementor-flip-box__layer__description\">\n\t\t\t\t\t\t\t\tPara texturas, efectos de envejecimiento y aplicaciones de pulido en parquet y piezas de madera.\t\t\t\t\t\t\t<\/div>\n\t\t\t\t\t\t\t\t\t\t\t<\/div>\n\t\t\t\t<\/div>\n\t\t\t<\/div>\n\t\t\t<a class=\"elementor-flip-box__layer elementor-flip-box__back\" href=\"https:\/\/trivec.eu\/producten\/brushing-machine-2-brush-units\/\" target=\"_blank\">\n\t\t\t<div class=\"elementor-flip-box__layer__overlay\">\n\t\t\t\t<div class=\"elementor-flip-box__layer__inner\">\n\t\t\t\t\t\t\t\t\t\t\t<h3 class=\"elementor-flip-box__layer__title\">\n\t\t\t\t\t\t\tCepilladora Dos unidades de cepillado\t\t\t\t\t\t<\/h3>\n\t\t\t\t\t\n\t\t\t\t\t\t\t\t\t\t\t<div class=\"elementor-flip-box__layer__description\">\n\t\t\t\t\t\t\tPara texturas, efectos de envejecimiento y aplicaciones de pulido en parquet y piezas de madera.\t\t\t\t\t\t<\/div>\n\t\t\t\t\t\n\t\t\t\t\t\t\t\t\t\t\t<span class=\"elementor-flip-box__button elementor-button elementor-size-xs\">\n\t\t\t\t\t\t\tLeer m\u00e1s\t\t\t\t\t\t<\/span>\n\t\t\t\t\t\t\t\t<\/div>\n\t\t<\/div>\n\t\t<\/a>\n\t\t<\/div>\n\t\t\t\t\t\t<\/div>\n\t\t\t\t<div class=\"elementor-element elementor-element-a132069 elementor-flip-box--effect-fade elementor-widget elementor-widget-flip-box\" data-id=\"a132069\" data-element_type=\"widget\" data-e-type=\"widget\" data-widget_type=\"flip-box.default\">\n\t\t\t\t\t\t\t<div class=\"elementor-flip-box\" tabindex=\"0\">\n\t\t\t<div class=\"elementor-flip-box__layer elementor-flip-box__front\">\n\t\t\t\t<div class=\"elementor-flip-box__layer__overlay\">\n\t\t\t\t\t<div class=\"elementor-flip-box__layer__inner\">\n\t\t\t\t\t\t\n\t\t\t\t\t\t\t\t\t\t\t\t\t<h2 class=\"elementor-flip-box__layer__title\">\n\t\t\t\t\t\t\t\tCepilladora de rotores\t\t\t\t\t\t\t<\/h2>\n\t\t\t\t\t\t\n\t\t\t\t\t\t\t\t\t\t\t\t\t<div class=\"elementor-flip-box__layer__description\">\n\t\t\t\t\t\t\t\tSeis cepillos colocados alrededor de un eje central para un tratamiento intensivo y unos resultados superficiales uniformes.\t\t\t\t\t\t\t<\/div>\n\t\t\t\t\t\t\t\t\t\t\t<\/div>\n\t\t\t\t<\/div>\n\t\t\t<\/div>\n\t\t\t<a class=\"elementor-flip-box__layer elementor-flip-box__back\" href=\"https:\/\/trivec.eu\/producten\/rotor-brushing-machine\/\" target=\"_blank\">\n\t\t\t<div class=\"elementor-flip-box__layer__overlay\">\n\t\t\t\t<div class=\"elementor-flip-box__layer__inner\">\n\t\t\t\t\t\t\t\t\t\t\t<h2 class=\"elementor-flip-box__layer__title\">\n\t\t\t\t\t\t\tCepilladora de rotores\t\t\t\t\t\t<\/h2>\n\t\t\t\t\t\n\t\t\t\t\t\t\t\t\t\t\t<div class=\"elementor-flip-box__layer__description\">\n\t\t\t\t\t\t\tSeis cepillos colocados alrededor de un eje central para un tratamiento intensivo y unos resultados superficiales uniformes.\t\t\t\t\t\t<\/div>\n\t\t\t\t\t\n\t\t\t\t\t\t\t\t\t\t\t<span class=\"elementor-flip-box__button elementor-button elementor-size-xs\">\n\t\t\t\t\t\t\tLeer m\u00e1s\t\t\t\t\t\t<\/span>\n\t\t\t\t\t\t\t\t<\/div>\n\t\t<\/div>\n\t\t<\/a>\n\t\t<\/div>\n\t\t\t\t\t\t<\/div>\n\t\t\t\t<div class=\"elementor-element elementor-element-33ccf89 elementor-flip-box--effect-fade elementor-widget elementor-widget-flip-box\" data-id=\"33ccf89\" data-element_type=\"widget\" data-e-type=\"widget\" data-widget_type=\"flip-box.default\">\n\t\t\t\t\t\t\t<div class=\"elementor-flip-box\" tabindex=\"0\">\n\t\t\t<div class=\"elementor-flip-box__layer elementor-flip-box__front\">\n\t\t\t\t<div class=\"elementor-flip-box__layer__overlay\">\n\t\t\t\t\t<div class=\"elementor-flip-box__layer__inner\">\n\t\t\t\t\t\t\n\t\t\t\t\t\t\t\t\t\t\t\t\t<h2 class=\"elementor-flip-box__layer__title\">\n\t\t\t\t\t\t\t\tRecubridora de doble rodillo\t\t\t\t\t\t\t<\/h2>\n\t\t\t\t\t\t\n\t\t\t\t\t\t\t\t\t\t\t\t\t<div class=\"elementor-flip-box__layer__description\">\n\t\t\t\t\t\t\t\tPara una aplicaci\u00f3n de revestimiento precisa, limpia y repetible en los procesos de acabado industrial.\t\t\t\t\t\t\t<\/div>\n\t\t\t\t\t\t\t\t\t\t\t<\/div>\n\t\t\t\t<\/div>\n\t\t\t<\/div>\n\t\t\t<a class=\"elementor-flip-box__layer elementor-flip-box__back\" href=\"https:\/\/trivec.eu\/producten\/double-roller-coater-experience\/\" target=\"_blank\">\n\t\t\t<div class=\"elementor-flip-box__layer__overlay\">\n\t\t\t\t<div class=\"elementor-flip-box__layer__inner\">\n\t\t\t\t\t\t\t\t\t\t\t<h2 class=\"elementor-flip-box__layer__title\">\n\t\t\t\t\t\t\tRecubridora de doble rodillo\t\t\t\t\t\t<\/h2>\n\t\t\t\t\t\n\t\t\t\t\t\t\t\t\t\t\t<div class=\"elementor-flip-box__layer__description\">\n\t\t\t\t\t\t\tPara una aplicaci\u00f3n de revestimiento precisa, limpia y repetible en los procesos de acabado industrial.\t\t\t\t\t\t<\/div>\n\t\t\t\t\t\n\t\t\t\t\t\t\t\t\t\t\t<span class=\"elementor-flip-box__button elementor-button elementor-size-xs\">\n\t\t\t\t\t\t\tLeer m\u00e1s\t\t\t\t\t\t<\/span>\n\t\t\t\t\t\t\t\t<\/div>\n\t\t<\/div>\n\t\t<\/a>\n\t\t<\/div>\n\t\t\t\t\t\t<\/div>\n\t\t\t\t<\/div>\n\t\t\t\t\t<\/div>\n\t\t\t\t<\/div>\n\t\t<div class=\"elementor-element elementor-element-33a0061 e-flex e-con-boxed e-con e-parent\" data-id=\"33a0061\" data-element_type=\"container\" data-e-type=\"container\" data-settings=\"{&quot;background_background&quot;:&quot;classic&quot;,&quot;jet_parallax_layout_list&quot;:[]}\">\n\t\t\t\t\t<div class=\"e-con-inner\">\n\t\t<div class=\"elementor-element elementor-element-ee7bd91 e-con-full e-flex e-con e-child\" data-id=\"ee7bd91\" data-element_type=\"container\" data-e-type=\"container\" data-settings=\"{&quot;jet_parallax_layout_list&quot;:[]}\">\n\t\t\t\t<div class=\"elementor-element elementor-element-eaf7b66 elementor-widget elementor-widget-heading\" data-id=\"eaf7b66\" data-element_type=\"widget\" data-e-type=\"widget\" data-widget_type=\"heading.default\">\n\t\t\t\t\t<h2 class=\"elementor-heading-title elementor-size-default\">Nos encantar\u00eda verte en DOMOTEX 2026<\/h2>\t\t\t\t<\/div>\n\t\t\t\t<div class=\"elementor-element elementor-element-178d7a2 elementor-widget elementor-widget-text-editor\" data-id=\"178d7a2\" data-element_type=\"widget\" data-e-type=\"widget\" data-widget_type=\"text-editor.default\">\n\t\t\t\t\t\t\t\t\t<p>Consigue tu <strong data-start=\"2032\" data-end=\"2047\">entrada gratuita<\/strong> exclusiva y experimenta de cerca nuestras m\u00e1quinas.<\/p>\t\t\t\t\t\t\t\t<\/div>\n\t\t<div class=\"elementor-element elementor-element-74cc711 e-con-full e-flex e-con e-child\" data-id=\"74cc711\" data-element_type=\"container\" data-e-type=\"container\" data-settings=\"{&quot;jet_parallax_layout_list&quot;:[]}\">\n\t\t\t\t<div class=\"elementor-element elementor-element-f2d1381 elementor-align-right elementor-widget elementor-widget-button\" data-id=\"f2d1381\" data-element_type=\"widget\" data-e-type=\"widget\" data-widget_type=\"button.default\">\n\t\t\t\t\t\t\t\t\t\t<a class=\"elementor-button elementor-button-link elementor-size-sm\" href=\"https:\/\/www.domotex.de\/en\/application\/registration\/direct-entry-tickets-passes?code=qG0Ta\" target=\"_blank\" rel=\"noopener\">\n\t\t\t\t\t\t<span class=\"elementor-button-content-wrapper\">\n\t\t\t\t\t\t\t\t\t<span class=\"elementor-button-text\">Consigue tu entrada gratuita<\/span>\n\t\t\t\t\t<\/span>\n\t\t\t\t\t<\/a>\n\t\t\t\t\t\t\t\t<\/div>\n\t\t\t\t<\/div>\n\t\t\t\t<\/div>\n\t\t<div class=\"elementor-element elementor-element-b463b11 e-con-full e-flex e-con e-child\" data-id=\"b463b11\" data-element_type=\"container\" data-e-type=\"container\" data-settings=\"{&quot;jet_parallax_layout_list&quot;:[]}\">\n\t\t\t\t<div class=\"elementor-element elementor-element-efd40a2 elementor-widget elementor-widget-image\" data-id=\"efd40a2\" data-element_type=\"widget\" data-e-type=\"widget\" data-widget_type=\"image.default\">\n\t\t\t\t\t\t\t\t\t\t\t\t\t\t\t<img decoding=\"async\" width=\"800\" height=\"302\" data-src=\"https:\/\/trivec.eu\/wp-content\/uploads\/2025\/11\/Banner-lp-domotex.png\" class=\"attachment-large size-large wp-image-16014 lazyload\" alt=\"\" data-srcset=\"https:\/\/trivec.eu\/wp-content\/uploads\/2025\/11\/Banner-lp-domotex.png 994w, https:\/\/trivec.eu\/wp-content\/uploads\/2025\/11\/Banner-lp-domotex-300x113.png 300w, https:\/\/trivec.eu\/wp-content\/uploads\/2025\/11\/Banner-lp-domotex-768x290.png 768w\" data-sizes=\"auto\" title=\"\" src=\"data:image\/svg+xml;base64,PHN2ZyB3aWR0aD0iMSIgaGVpZ2h0PSIxIiB4bWxucz0iaHR0cDovL3d3dy53My5vcmcvMjAwMC9zdmciPjwvc3ZnPg==\" style=\"--smush-placeholder-width: 800px; --smush-placeholder-aspect-ratio: 800\/302;\" data-original-sizes=\"(max-width: 800px) 100vw, 800px\">\t\t\t\t\t\t\t\t\t\t\t\t\t\t\t<\/div>\n\t\t\t\t<\/div>\n\t\t\t\t\t<\/div>\n\t\t\t\t<\/div>\n\t\t\t\t<\/div>\n\t\t","protected":false},"excerpt":{"rendered":"<p>Consigue tu entrada gratuita 19-22 de enero de 2026 | Hannover, Alemania Descubre la nueva Cepilladora de Rotor Este a\u00f1o se estrena nuestra flamante M\u00e1quina de Cepillado de Rotor de Copa. Visita nuestro stand para explorar la m\u00e1quina en detalle, ver su construcci\u00f3n de cerca y hablar con nuestro equipo sobre c\u00f3mo la tecnolog\u00eda de [&hellip;]<\/p>\n","protected":false},"author":1,"featured_media":16014,"parent":0,"menu_order":15,"comment_status":"closed","ping_status":"closed","template":"elementor_header_footer","meta":{"footnotes":""},"class_list":["post-16011","page","type-page","status-publish","has-post-thumbnail","hentry"],"_links":{"self":[{"href":"https:\/\/trivec.eu\/es\/wp-json\/wp\/v2\/pages\/16011","targetHints":{"allow":["GET"]}}],"collection":[{"href":"https:\/\/trivec.eu\/es\/wp-json\/wp\/v2\/pages"}],"about":[{"href":"https:\/\/trivec.eu\/es\/wp-json\/wp\/v2\/types\/page"}],"author":[{"embeddable":true,"href":"https:\/\/trivec.eu\/es\/wp-json\/wp\/v2\/users\/1"}],"replies":[{"embeddable":true,"href":"https:\/\/trivec.eu\/es\/wp-json\/wp\/v2\/comments?post=16011"}],"version-history":[{"count":1,"href":"https:\/\/trivec.eu\/es\/wp-json\/wp\/v2\/pages\/16011\/revisions"}],"predecessor-version":[{"id":16015,"href":"https:\/\/trivec.eu\/es\/wp-json\/wp\/v2\/pages\/16011\/revisions\/16015"}],"wp:featuredmedia":[{"embeddable":true,"href":"https:\/\/trivec.eu\/es\/wp-json\/wp\/v2\/media\/16014"}],"wp:attachment":[{"href":"https:\/\/trivec.eu\/es\/wp-json\/wp\/v2\/media?parent=16011"}],"curies":[{"name":"wp","href":"https:\/\/api.w.org\/{rel}","templated":true}]}}