{"id":18500,"date":"2026-02-26T06:33:46","date_gmt":"2026-02-26T06:33:46","guid":{"rendered":"https:\/\/trivec.eu\/impresionante\/"},"modified":"2026-02-26T06:33:46","modified_gmt":"2026-02-26T06:33:46","slug":"impresionante","status":"publish","type":"page","link":"https:\/\/trivec.eu\/es\/impresionante\/","title":{"rendered":"Impresionante"},"content":{"rendered":"<p>Name des Eigent\u00fcmers: Trivec<\/p>\n<p>Direcci\u00f3n:<br \/>\nSolcamastraat 25<br \/>\n9262 ND Sumar<br \/>\nNiederlande<\/p>\n<p>Informaci\u00f3n de contacto:<br \/>\nCorreo electr\u00f3nico: info@trivec.eu<br \/>\nTel\u00e9fono: +31 (0)512 510035<\/p>\n<p>Informaci\u00f3n de registro:<br \/>\nKVK-Nummer: 87936976<br \/>\nUmsatzsteuer-Identifikationsnummer: NL864454077B01<\/p>\n<p>Vertreter: Branko Westra<\/p>\n<p>Forma jur\u00eddica:<br \/>\nBV<\/p>\n","protected":false},"excerpt":{"rendered":"<p>Name des Eigent\u00fcmers: Trivec Direcci\u00f3n: Solcamastraat 25 9262 ND Sumar Niederlande Informaci\u00f3n de contacto: Correo electr\u00f3nico: info@trivec.eu Tel\u00e9fono: +31 (0)512 510035 Informaci\u00f3n de registro: KVK-Nummer: 87936976 Umsatzsteuer-Identifikationsnummer: NL864454077B01 Vertreter: Branko Westra Forma jur\u00eddica: BV<\/p>\n","protected":false},"author":1,"featured_media":0,"parent":0,"menu_order":6,"comment_status":"closed","ping_status":"closed","template":"","meta":{"footnotes":""},"class_list":["post-18500","page","type-page","status-publish","hentry"],"_links":{"self":[{"href":"https:\/\/trivec.eu\/es\/wp-json\/wp\/v2\/pages\/18500","targetHints":{"allow":["GET"]}}],"collection":[{"href":"https:\/\/trivec.eu\/es\/wp-json\/wp\/v2\/pages"}],"about":[{"href":"https:\/\/trivec.eu\/es\/wp-json\/wp\/v2\/types\/page"}],"author":[{"embeddable":true,"href":"https:\/\/trivec.eu\/es\/wp-json\/wp\/v2\/users\/1"}],"replies":[{"embeddable":true,"href":"https:\/\/trivec.eu\/es\/wp-json\/wp\/v2\/comments?post=18500"}],"version-history":[{"count":0,"href":"https:\/\/trivec.eu\/es\/wp-json\/wp\/v2\/pages\/18500\/revisions"}],"wp:attachment":[{"href":"https:\/\/trivec.eu\/es\/wp-json\/wp\/v2\/media?parent=18500"}],"curies":[{"name":"wp","href":"https:\/\/api.w.org\/{rel}","templated":true}]}}