{"id":15926,"date":"2024-11-29T10:02:04","date_gmt":"2024-11-29T10:02:04","guid":{"rendered":"https:\/\/trivec.eu\/juridique\/"},"modified":"2026-01-16T09:23:54","modified_gmt":"2026-01-16T09:23:54","slug":"juridique","status":"publish","type":"page","link":"https:\/\/trivec.eu\/fr\/juridique\/","title":{"rendered":"Juridique"},"content":{"rendered":"\t\t<div data-elementor-type=\"wp-page\" data-elementor-id=\"15926\" class=\"elementor elementor-15926 elementor-58\" data-elementor-post-type=\"page\">\n\t\t\t\t<div class=\"elementor-element elementor-element-38a108f e-flex e-con-boxed e-con e-parent\" data-id=\"38a108f\" data-element_type=\"container\" data-e-type=\"container\" data-settings=\"{&quot;jet_parallax_layout_list&quot;:[],&quot;background_background&quot;:&quot;classic&quot;}\">\n\t\t\t\t\t<div class=\"e-con-inner\">\n\t\t\t\t<div class=\"elementor-element elementor-element-6fc1fc8 e-n-tabs-mobile elementor-widget elementor-widget-n-tabs\" data-id=\"6fc1fc8\" data-element_type=\"widget\" data-e-type=\"widget\" data-settings=\"{&quot;tabs_justify_horizontal&quot;:&quot;stretch&quot;,&quot;horizontal_scroll&quot;:&quot;disable&quot;}\" data-widget_type=\"nested-tabs.default\">\n\t\t\t\t\t\t\t<div class=\"e-n-tabs\" data-widget-number=\"117186504\" aria-label=\"Onglets. Ouvrez des \u00e9l\u00e9ments avec Entrer ou Espace, fermez-les avec Echape et naviguez \u00e0 l&#039;aide des touches fl\u00e9ch\u00e9es.\">\n\t\t\t<div class=\"e-n-tabs-heading\" role=\"tablist\">\n\t\t\t\t\t<button id=\"e-n-tab-title-1171865041\" data-tab-title-id=\"e-n-tab-title-1171865041\" class=\"e-n-tab-title\" aria-selected=\"true\" data-tab-index=\"1\" role=\"tab\" tabindex=\"0\" aria-controls=\"e-n-tab-content-1171865041\" style=\"--n-tabs-title-order: 1;\">\n\t\t\t\t\t\t<span class=\"e-n-tab-title-text\">\n\t\t\t\tPolitique de confidentialit\u00e9\t\t\t<\/span>\n\t\t<\/button>\n\t\t\t\t<button id=\"e-n-tab-title-1171865042\" data-tab-title-id=\"e-n-tab-title-1171865042\" class=\"e-n-tab-title\" aria-selected=\"false\" data-tab-index=\"2\" role=\"tab\" tabindex=\"-1\" aria-controls=\"e-n-tab-content-1171865042\" style=\"--n-tabs-title-order: 2;\">\n\t\t\t\t\t\t<span class=\"e-n-tab-title-text\">\n\t\t\t\tConditions g\u00e9n\u00e9rales d'utilisation (ENG)\t\t\t<\/span>\n\t\t<\/button>\n\t\t\t\t<button id=\"e-n-tab-title-1171865043\" data-tab-title-id=\"e-n-tab-title-1171865043\" class=\"e-n-tab-title\" aria-selected=\"false\" data-tab-index=\"3\" role=\"tab\" tabindex=\"-1\" aria-controls=\"e-n-tab-content-1171865043\" style=\"--n-tabs-title-order: 3;\">\n\t\t\t\t\t\t<span class=\"e-n-tab-title-text\">\n\t\t\t\tConditions g\u00e9n\u00e9rales (NL)\t\t\t<\/span>\n\t\t<\/button>\n\t\t\t\t<button id=\"e-n-tab-title-1171865044\" data-tab-title-id=\"e-n-tab-title-1171865044\" class=\"e-n-tab-title\" aria-selected=\"false\" data-tab-index=\"4\" role=\"tab\" tabindex=\"-1\" aria-controls=\"e-n-tab-content-1171865044\" style=\"--n-tabs-title-order: 4;\">\n\t\t\t\t\t\t<span class=\"e-n-tab-title-text\">\n\t\t\t\tClause de non-responsabilit\u00e9\t\t\t<\/span>\n\t\t<\/button>\n\t\t\t\t\t<\/div>\n\t\t\t<div class=\"e-n-tabs-content\">\n\t\t\t\t<div id=\"e-n-tab-content-1171865041\" role=\"tabpanel\" aria-labelledby=\"e-n-tab-title-1171865041\" data-tab-index=\"1\" style=\"--n-tabs-title-order: 1;\" class=\"e-active elementor-element elementor-element-c491352 e-con-full e-flex e-con e-child\" data-id=\"c491352\" data-element_type=\"container\" data-e-type=\"container\" data-settings=\"{&quot;jet_parallax_layout_list&quot;:[]}\">\n\t\t\t\t<div class=\"elementor-element elementor-element-42700dd elementor-widget elementor-widget-text-editor\" data-id=\"42700dd\" data-element_type=\"widget\" data-e-type=\"widget\" data-widget_type=\"text-editor.default\">\n\t\t\t\t\t\t\t\t\t<h1><strong>Politique en mati\u00e8re de protection de la vie priv\u00e9e et de cookies<\/strong><\/h1><p>Nous sommes conscients de la confiance que vous nous accordez. Nous consid\u00e9rons donc qu&rsquo;il est de notre responsabilit\u00e9 de prot\u00e9ger votre vie priv\u00e9e. Sur cette page, vous trouverez plus d&rsquo;informations sur les donn\u00e9es que nous collectons lorsque vous utilisez notre site web, sur les raisons pour lesquelles nous collectons ces informations et sur la mani\u00e8re dont nous am\u00e9liorons l&rsquo;exp\u00e9rience de l&rsquo;utilisateur.  <\/p><p>Cette politique de confidentialit\u00e9 et de cookies est applicable \u00e0 tous les services fournis par Trivec bv (situ\u00e9 aux Pays-Bas \u00e0 Solcamastraat 25, 9262ND in Sumar, ci-apr\u00e8s \u00a0\u00bb Trivec \u00ab\u00a0).<\/p><p>Nous respectons votre vie priv\u00e9e et suivons toutes les r\u00e8gles et r\u00e9glementations pr\u00e9vues par les lois sur la protection de la vie priv\u00e9e et le r\u00e8glement g\u00e9n\u00e9ral sur la protection des donn\u00e9es.<\/p><p>Trivec peut modifier cette politique \u00e0 tout moment. Nous vous conseillons donc de v\u00e9rifier r\u00e9guli\u00e8rement cette d\u00e9claration pour tout changement. <\/p><h2>Informations trait\u00e9es<\/h2><p>Trivec fait la distinction entre les donn\u00e9es fournies activement et celles fournies passivement. Les donn\u00e9es fournies passivement sont des informations que vous donnez aux administrateurs des sites web, peut-\u00eatre \u00e0 votre insu. Lorsque vous visitez le site web de Trivec, nous enregistrons plusieurs donn\u00e9es techniques telles que l&rsquo;adresse IP, le syst\u00e8me d&rsquo;exploitation, le navigateur, la derni\u00e8re page internet consult\u00e9e et les pages que vous visitez sur notre site web.  <\/p><p>En outre, nous recueillons et traitons \u00e9galement les informations que vous nous fournissez activement en demandant un devis. Ces informations sont compl\u00e9t\u00e9es par des informations accessibles au public. Nous collectons et traitons les cat\u00e9gories de donn\u00e9es personnelles suivantes :  <\/p><p>Naam<br>Coordonn\u00e9es<br>Fonction au sein de l&rsquo;entreprise<\/p><h4>Avez-vous moins de 16 ans ?<\/h4><p>Les personnes \u00e2g\u00e9es de moins de 16 ans ne sont pas autoris\u00e9es \u00e0 fournir des informations personnelles \u00e0 Trivec, sauf autorisation explicite d&rsquo;un parent ou d&rsquo;un tuteur qui a lu et compris cette politique.<\/p><p>Si vous \u00eates convaincu que Trivec a recueilli des informations personnelles sans le consentement explicite d&rsquo;un parent ou d&rsquo;un tuteur d&rsquo;un mineur, veuillez nous contacter via <a href=\"mailto:info@trivec.eu\">info@trivec.eu<\/a> afin que ces informations puissent \u00eatre supprim\u00e9es.<\/p><h2>Notre utilisation des informations collect\u00e9es<\/h2><h3>Utilisation de nos services<\/h3><p>Lorsque vous sollicitez l&rsquo;un de nos services, nous vous demandons de nous communiquer vos coordonn\u00e9es personnelles. Ces informations sont utilis\u00e9es pour fournir les services que vous nous demandez. Les donn\u00e9es sont stock\u00e9es sur nos serveurs prot\u00e9g\u00e9s ou sur ceux d&rsquo;un tiers.  <\/p><h3>Communication<\/h3><p>Lorsque vous envoyez un courriel ou un autre type de message, il est possible que nous sauvegardions ce message. Parfois, nous vous demandons des informations personnelles qui sont pertinentes pour la situation actuelle. Cela nous permet de traiter vos questions\/demandes et d&rsquo;y r\u00e9pondre. Les donn\u00e9es sont stock\u00e9es sur nos serveurs prot\u00e9g\u00e9s ou sur ceux d&rsquo;un tiers.   <\/p><h3>Cookies<\/h3><p>Nous recueillons des informations pour analyser nos clients et am\u00e9liorer nos services. Le site web utilise des \u00ab\u00a0cookies\u00a0\u00bb pour aider \u00e0 l&rsquo;analyse de l&rsquo;utilisation de notre site web par ses visiteurs. Les informations g\u00e9n\u00e9r\u00e9es sont stock\u00e9es sur nos serveurs prot\u00e9g\u00e9s ou sur ceux d&rsquo;un tiers. En outre, nous utilisons ces informations pour am\u00e9liorer nos services et notre site web, pour analyser le parcours du client et pour am\u00e9liorer nos services et nos produits.   <\/p><p>Lorsque vous naviguez sur le site Web de notre entreprise et son contenu, Trivec est autoris\u00e9 \u00e0 recueillir des donn\u00e9es par l&rsquo;utilisation d&rsquo;outils de collecte de donn\u00e9es commun\u00e9ment accept\u00e9s, tels que les cookies et les balises Web (\u00a0\u00bb Informations de navigation du site Web \u00ab\u00a0). Ces balises web collectent le navigateur utilis\u00e9, la langue du navigateur, votre adresse IP et les actions que vous effectuez sur le site web de l&rsquo;entreprise (telles que les pages visit\u00e9es et les liens utilis\u00e9s). <\/p><h3>Objectifs<\/h3><p>Nous utilisons les donn\u00e9es que nous collectons pour fournir les services que vous demandez. Nos services comprennent l&rsquo;affichage et l&rsquo;envoi de lettres d&rsquo;information (personnalis\u00e9es), de messages et de publicit\u00e9s et\/ou d&rsquo;offres personnalis\u00e9es. En outre, les informations sont \u00e9galement utilis\u00e9es \u00e0 des fins commerciales n\u00e9cessaires telles que l&rsquo;envoi (\u00e0 votre demande) de devis personnalis\u00e9s, de confirmations de commande, de factures et de sp\u00e9cifications techniques. Nous utilisons vos donn\u00e9es pour vous informer sur d&rsquo;autres produits ou services offerts par Trivec. Trivec ne recueille ni n&rsquo;utilise d&rsquo;informations \u00e0 des fins autres que celles d\u00e9crites dans la pr\u00e9sente politique de confidentialit\u00e9, \u00e0 moins que nous n&rsquo;ayons obtenu votre consentement pr\u00e9alable \u00e0 cet effet. Trivec traite vos informations personnelles sur la base des fondements juridiques suivants :     <\/p><p>&#8211; Autorisation ;<br>&#8211; Ex\u00e9cution de l&rsquo;accord ;<br>&#8211; Obligation l\u00e9gale, par exemple pour les factures.<\/p><h3>Tiers<\/h3><p>Les informations ne sont pas partag\u00e9es avec des tiers, mais simplement stock\u00e9es sur leurs serveurs. Dans certains cas, les informations peuvent \u00eatre partag\u00e9es en interne. Nos employ\u00e9s sont tenus de g\u00e9rer ces informations de mani\u00e8re confidentielle et respectueuse.  <\/p><h3>Changements<\/h3><p>Cette politique en mati\u00e8re de confidentialit\u00e9 et de cookies est align\u00e9e sur l&rsquo;utilisation de notre site web et sur les possibilit\u00e9s qu&rsquo;il offre. Les modifications apport\u00e9es au site web peuvent entra\u00eener des modifications de cette politique en mati\u00e8re de confidentialit\u00e9 et de cookies. Nous vous conseillons donc de consulter r\u00e9guli\u00e8rement cette d\u00e9claration pour prendre connaissance des \u00e9ventuelles modifications.  <\/p><h3>Modifier\/se d\u00e9sabonner des lettres d&rsquo;information<\/h3><p>Au bas de chaque lettre d&rsquo;information, vous trouverez l&rsquo;option de modifier vos informations ou de vous d\u00e9sabonner.<\/p><h3>Communication de modification\/d\u00e9sinscription<\/h3><p>Si vous souhaitez modifier vos donn\u00e9es ou vous faire retirer de nos fichiers, veuillez nous contacter. Voir les coordonn\u00e9es ci-dessous. <\/p><h3>D\u00e9sactiver les cookies<\/h3><p>La plupart des navigateurs sont configur\u00e9s de mani\u00e8re \u00e0 accepter les cookies par d\u00e9faut. Vous pouvez modifier les param\u00e8tres pour refuser tous les cookies ou pour changer les cookies envoy\u00e9s. Il se peut que certaines fonctions et certains services de notre site web et d&rsquo;autres sites ne fonctionnent pas correctement si les cookies sont d\u00e9sactiv\u00e9s dans votre navigateur.  <\/p><h2>Informations collect\u00e9es<\/h2><p>Trivec utilise Google Analytics pour analyser la fa\u00e7on dont les visiteurs acc\u00e8dent \u00e0 notre site web. Nous ne recevons pas d&rsquo;adresses IP ni d&rsquo;autres informations personnelles lorsque nous utilisons ce service. Si vous nous contactez, nous traiterons le nom et l&rsquo;adresse \u00e9lectronique ainsi que d&rsquo;autres informations accessibles au public pour remplir le formulaire de contact, comme indiqu\u00e9 dans la section des informations trait\u00e9es. Nous proc\u00e9dons \u00e9galement \u00e0 cette \u00e9tape lorsque vous vous abonnez \u00e0 nos bulletins d&rsquo;information. Pour les entreprises clientes et les contacts, nous v\u00e9rifions le num\u00e9ro de la chambre de commerce. Un num\u00e9ro de TVA est \u00e9galement trait\u00e9 si n\u00e9cessaire.     <\/p><h3>Objectif<\/h3><p>Les informations collect\u00e9es ne sont utilis\u00e9es que pour vous contacter, r\u00e9pondre \u00e0 vos questions ou vous envoyer les documents n\u00e9cessaires \u00e0 nos services. Vous ne recevrez la lettre d&rsquo;information que si vous vous y \u00eates explicitement inscrit. Lorsque vous vous d\u00e9sabonnez de la lettre d&rsquo;information, les donn\u00e9es sont supprim\u00e9es de notre base de donn\u00e9es.  <\/p><p>Les informations personnelles ne sont pas rendues publiques ou donn\u00e9es \u00e0 des tiers. Les informations ne seront communiqu\u00e9es \u00e0 une organisation externe que si cela est strictement n\u00e9cessaire en raison d&rsquo;une r\u00e9organisation de Trivec, quelle qu&rsquo;en soit la forme. <\/p><h3>Droit d&rsquo;acc\u00e8s, de correction et de suppression<\/h3><p>Vous avez le droit de demander l&rsquo;acc\u00e8s, la correction ou la suppression de vos informations personnelles. Nous ne traitons pas d&rsquo;informations bas\u00e9es sur des cookies. Nous n&rsquo;avons pas non plus d&rsquo;influence sur l&rsquo;utilisation des cookies par le biais des canaux de m\u00e9dias sociaux. Les informations dont nous disposons via Google Analytics ne permettent pas de remonter \u00e0 une personne en particulier. Si vous avez des questions \u00e0 ce sujet ou si vous souhaitez acc\u00e9der \u00e0 vos informations personnelles, les corriger ou les supprimer, n&rsquo;h\u00e9sitez pas \u00e0 nous envoyer un e-mail \u00e0 <a href=\"mailto:info@trivec.eu\">info@trivec.eu.<\/a>    <\/p><h2>Droit d&rsquo;opposition<\/h2><p>Si vous vous opposez \u00e0 la mani\u00e8re dont nous traitons vos donn\u00e9es personnelles et que nous ne parvenons pas \u00e0 trouver une solution commune, vous pouvez adresser une plainte \u00e0 l&rsquo;Autoriteit Persoonsgegevens (autorit\u00e9 charg\u00e9e des informations personnelles). Vous pouvez l&rsquo;envoyer \u00e0 l&rsquo;adresse suivante <\/p><p>Autoriteit Persoonsgegevens<br>Postbus 93374<br>2509 AJ DEN HAAG (Pays-Bas)<\/p><h3>Dur\u00e9e du stockage<\/h3><p>Vos informations sont stock\u00e9es aussi longtemps qu&rsquo;elles sont n\u00e9cessaires aux fins mentionn\u00e9es pr\u00e9c\u00e9demment. Apr\u00e8s une demande de suppression, Trivec dispose de 30 jours pour supprimer vos informations. Apr\u00e8s la suppression, vous serez inform\u00e9 dans un d\u00e9lai d&rsquo;un jour des informations supprim\u00e9es. Dans les situations complexes, nous maintenons un d\u00e9lai de 60 jours. Dans ce cas, vous serez inform\u00e9 dans les 30 jours du retard.    <\/p><h2>Identit\u00e9 de l&rsquo;entreprise<\/h2><p><strong>Trivec<\/strong><br>Solcamastraat 25<br>9262 ND SUMAR (Pays-Bas)<br>Num\u00e9ro de la chambre de commerce 9041675<br>Courriel : <a href=\"mailto:info@trivec.eu\">info@trivec.eu<\/a><br>T\u00e9l : +31 (0)512 510035<\/p><p><em>Cette politique en mati\u00e8re de confidentialit\u00e9 et de cookies a \u00e9t\u00e9 mise \u00e0 jour le 4 f\u00e9vrier 2025.<\/em><\/p>\t\t\t\t\t\t\t\t<\/div>\n\t\t\t\t<\/div>\n\t\t<div id=\"e-n-tab-content-1171865042\" role=\"tabpanel\" aria-labelledby=\"e-n-tab-title-1171865042\" data-tab-index=\"2\" style=\"--n-tabs-title-order: 2;\" class=\" elementor-element elementor-element-2dd1a8c e-con-full e-flex e-con e-child\" data-id=\"2dd1a8c\" data-element_type=\"container\" data-e-type=\"container\" data-settings=\"{&quot;jet_parallax_layout_list&quot;:[]}\">\n\t\t\t\t<div class=\"elementor-element elementor-element-a09efed elementor-widget elementor-widget-html\" data-id=\"a09efed\" data-element_type=\"widget\" data-e-type=\"widget\" data-widget_type=\"html.default\">\n\t\t\t\t\t<div>\r\n\r\n\r\n    <meta charset=\"UTF-8\">\r\n    <meta name=\"viewport\" content=\"width=device-width, initial-scale=1.0\">\r\n    <title>Trivec Documenten<\/title>\r\n    <style>\r\n        iframe {\r\n            width: 100%;\r\n            height: 800px;\r\n            border: none;\r\n        }\r\n    <\/style>\r\n\r\n\r\n\r\n    <iframe data-src=\"https:\/\/trivec.eu\/wp-content\/uploads\/2025\/02\/Trivec-General-Terms-and-Conditions-2025-UK-translation-from-Dutch.pdf\" src=\"data:image\/svg+xml;base64,PHN2ZyB3aWR0aD0iMSIgaGVpZ2h0PSIxIiB4bWxucz0iaHR0cDovL3d3dy53My5vcmcvMjAwMC9zdmciPjwvc3ZnPg==\" class=\"lazyload\" data-load-mode=\"1\">Cliquez ici<\/a> pour consulter la politique de confidentialit\u00e9.\r\n   <\/iframe> \r\n\r\n\r\n\r\n\r\n<\/div>\t\t\t\t<\/div>\n\t\t\t\t<\/div>\n\t\t<div id=\"e-n-tab-content-1171865043\" role=\"tabpanel\" aria-labelledby=\"e-n-tab-title-1171865043\" data-tab-index=\"3\" style=\"--n-tabs-title-order: 3;\" class=\" elementor-element elementor-element-67d6986 e-con-full e-flex e-con e-child\" data-id=\"67d6986\" data-element_type=\"container\" data-e-type=\"container\" data-settings=\"{&quot;jet_parallax_layout_list&quot;:[]}\">\n\t\t\t\t<div class=\"elementor-element elementor-element-a2bbb5a elementor-widget elementor-widget-html\" data-id=\"a2bbb5a\" data-element_type=\"widget\" data-e-type=\"widget\" data-widget_type=\"html.default\">\n\t\t\t\t\t<div>\r\n\r\n\r\n    <meta charset=\"UTF-8\">\r\n    <meta name=\"viewport\" content=\"width=device-width, initial-scale=1.0\">\r\n    <title>Trivec Documenten<\/title>\r\n    <style>\r\n        iframe {\r\n            width: 100%;\r\n            height: 800px;\r\n            border: none;\r\n        }\r\n    <\/style>\r\n\r\n\r\n\r\n    <iframe data-src=\"https:\/\/trivec.eu\/wp-content\/uploads\/2025\/02\/Trivec-Algemene-Voorwaarden-2025-NL.pdf\" src=\"data:image\/svg+xml;base64,PHN2ZyB3aWR0aD0iMSIgaGVpZ2h0PSIxIiB4bWxucz0iaHR0cDovL3d3dy53My5vcmcvMjAwMC9zdmciPjwvc3ZnPg==\" class=\"lazyload\" data-load-mode=\"1\">Cliquez ici<\/a> pour consulter la politique de confidentialit\u00e9.\r\n   <\/iframe> \r\n\r\n\r\n\r\n\r\n<\/div>\t\t\t\t<\/div>\n\t\t\t\t<\/div>\n\t\t<div id=\"e-n-tab-content-1171865044\" role=\"tabpanel\" aria-labelledby=\"e-n-tab-title-1171865044\" data-tab-index=\"4\" style=\"--n-tabs-title-order: 4;\" class=\" elementor-element elementor-element-4fdb338 e-con-full e-flex e-con e-child\" data-id=\"4fdb338\" data-element_type=\"container\" data-e-type=\"container\" data-settings=\"{&quot;jet_parallax_layout_list&quot;:[]}\">\n\t\t\t\t<div class=\"elementor-element elementor-element-15eb0ff elementor-widget elementor-widget-text-editor\" data-id=\"15eb0ff\" data-element_type=\"widget\" data-e-type=\"widget\" data-widget_type=\"text-editor.default\">\n\t\t\t\t\t\t\t\t\t<h1><strong>Clause de non-responsabilit\u00e9<\/strong><\/h1><p>L&rsquo;utilisation de ce site web<a href=\"http:\/\/www.trivec.eu\">(www.trivec.eu)<\/a> est soumise aux conditions d&rsquo;utilisation suivantes. En utilisant ce site, vous \u00eates r\u00e9put\u00e9 avoir lu et accept\u00e9 les conditions d&rsquo;utilisation. <\/p><h2>Utilisation de l&rsquo;information<\/h2><p>Trivec vise \u00e0 fournir des informations exactes, \u00e0 jour et compl\u00e8tes sur ce site Web \u00e0 tout moment. Ces informations sont destin\u00e9es \u00e0 des fins d&rsquo;information g\u00e9n\u00e9rale uniquement. Bien que ces informations aient \u00e9t\u00e9 compil\u00e9es avec le plus grand soin possible, Trivec n&rsquo;accepte aucune responsabilit\u00e9 pour toute inexactitude ou omission dans les informations fournies.  <\/p><p>Aucun droit ne peut \u00eatre tir\u00e9 de ces informations et Trivec se r\u00e9serve le droit de modifier le contenu du site \u00e0 tout moment et sans pr\u00e9avis. Trivec d\u00e9cline toute responsabilit\u00e9 pour tout dommage r\u00e9sultant de l&rsquo;utilisation des informations ou du site web, ainsi que pour tout dysfonctionnement du site web. <\/p><p>L&rsquo;envoi et la r\u00e9ception d&rsquo;informations via le site web, ou les formulaires du site web, ou par e-mail ne signifient pas qu&rsquo;une relation contractuelle est cr\u00e9\u00e9e entre Trivec et l&rsquo;utilisateur du site web.<\/p><p>Les informations juridiques figurant sur le site web sont de nature g\u00e9n\u00e9rale et ne peuvent \u00eatre consid\u00e9r\u00e9es comme un substitut \u00e0 un avis juridique.<\/p><h2>Courrier \u00e9lectronique<\/h2><p>Trivec fait tout son possible pour assurer un trafic d&rsquo;e-mails de qualit\u00e9 et s\u00e9curis\u00e9. Cependant, Trivec ne garantit pas que les e-mails envoy\u00e9s \u00e0 Trivec sont toujours re\u00e7us ou trait\u00e9s (\u00e0 temps), parce que la r\u00e9ception en temps voulu des e-mails d\u00e9pend en partie de la performance des tiers et ne peut donc pas \u00eatre garantie. <\/p><p>En outre, la s\u00e9curit\u00e9 du trafic de courrier \u00e9lectronique ne peut pas \u00eatre enti\u00e8rement garantie en raison des risques de s\u00e9curit\u00e9 associ\u00e9s. En correspondant avec Trivec par courrier \u00e9lectronique sans cryptage ou protection par mot de passe, vous acceptez ce risque. <\/p><h2>Hyperliens<\/h2><p>Ce site web peut contenir des hyperliens vers des sites web de tiers. Trivec n&rsquo;a aucun contr\u00f4le sur les sites web de tiers et n&rsquo;est pas responsable de leur disponibilit\u00e9 ou de leur contenu et n&rsquo;accepte aucune responsabilit\u00e9 pour les dommages r\u00e9sultant de l&rsquo;utilisation de ces sites web. <\/p><h2>Droits de propri\u00e9t\u00e9 intellectuelle<\/h2><p>Tout le contenu de ce site Web, tel que les textes, les images, les logos et autres mat\u00e9riaux, est la propri\u00e9t\u00e9 de Trivec ou est utilis\u00e9 avec la permission des propri\u00e9taires l\u00e9gitimes. Il n&rsquo;est pas permis de copier, de distribuer ou d&rsquo;utiliser ce contenu d&rsquo;une autre mani\u00e8re sans le consentement \u00e9crit pr\u00e9alable de Trivec. <\/p><h2>Attribution<\/h2><p>Cette clause de non-responsabilit\u00e9 a \u00e9t\u00e9 cr\u00e9\u00e9e par Trivec B.V., Solcamastraat 25 \u00e0 Sumar (num\u00e9ro de chambre de commerce 9041675) en f\u00e9vrier 2025 et peut \u00eatre modifi\u00e9e \u00e0 l&rsquo;avenir. Si vous avez des questions, veuillez nous contacter par e-mail : <a href=\"mailto:info@trivec.eu\">info@trivec.eu<\/a> ou par t\u00e9l\u00e9phone +31 (0)512 510035. <br><br><em>Note : Cette clause de non-responsabilit\u00e9 est traduite de la version originale n\u00e9erlandaise.<\/em><\/p>\t\t\t\t\t\t\t\t<\/div>\n\t\t\t\t<\/div>\n\t\t\t\t\t<\/div>\n\t\t<\/div>\n\t\t\t\t\t\t<\/div>\n\t\t\t\t\t<\/div>\n\t\t\t\t<\/div>\n\t\t\t\t<\/div>\n\t\t","protected":false},"excerpt":{"rendered":"<p>Politique de confidentialit\u00e9 Conditions g\u00e9n\u00e9rales d&rsquo;utilisation (ENG) Conditions g\u00e9n\u00e9rales (NL) Clause de non-responsabilit\u00e9 Politique en mati\u00e8re de protection de la vie priv\u00e9e et de cookies Nous sommes conscients de la confiance que vous nous accordez. Nous consid\u00e9rons donc qu&#8217;il est de notre responsabilit\u00e9 de prot\u00e9ger votre vie priv\u00e9e. Sur cette page, vous trouverez plus d&#8217;informations [&hellip;]<\/p>\n","protected":false},"author":1,"featured_media":0,"parent":0,"menu_order":95,"comment_status":"closed","ping_status":"closed","template":"elementor_header_footer","meta":{"footnotes":""},"class_list":["post-15926","page","type-page","status-publish","hentry"],"_links":{"self":[{"href":"https:\/\/trivec.eu\/fr\/wp-json\/wp\/v2\/pages\/15926","targetHints":{"allow":["GET"]}}],"collection":[{"href":"https:\/\/trivec.eu\/fr\/wp-json\/wp\/v2\/pages"}],"about":[{"href":"https:\/\/trivec.eu\/fr\/wp-json\/wp\/v2\/types\/page"}],"author":[{"embeddable":true,"href":"https:\/\/trivec.eu\/fr\/wp-json\/wp\/v2\/users\/1"}],"replies":[{"embeddable":true,"href":"https:\/\/trivec.eu\/fr\/wp-json\/wp\/v2\/comments?post=15926"}],"version-history":[{"count":1,"href":"https:\/\/trivec.eu\/fr\/wp-json\/wp\/v2\/pages\/15926\/revisions"}],"predecessor-version":[{"id":15930,"href":"https:\/\/trivec.eu\/fr\/wp-json\/wp\/v2\/pages\/15926\/revisions\/15930"}],"wp:attachment":[{"href":"https:\/\/trivec.eu\/fr\/wp-json\/wp\/v2\/media?parent=15926"}],"curies":[{"name":"wp","href":"https:\/\/api.w.org\/{rel}","templated":true}]}}