{"id":16002,"date":"2025-11-26T15:12:16","date_gmt":"2025-11-26T15:12:16","guid":{"rendered":"https:\/\/trivec.eu\/visitez-trivec-a-domotex-2026\/"},"modified":"2026-01-16T09:25:58","modified_gmt":"2026-01-16T09:25:58","slug":"visitez-trivec-a-domotex-2026","status":"publish","type":"page","link":"https:\/\/trivec.eu\/fr\/visitez-trivec-a-domotex-2026\/","title":{"rendered":"Visitez Trivec \u00e0 DOMOTEX 2026"},"content":{"rendered":"\t\t<div data-elementor-type=\"wp-page\" data-elementor-id=\"16002\" class=\"elementor elementor-16002 elementor-14375\" data-elementor-post-type=\"page\">\n\t\t\t\t<div class=\"elementor-element elementor-element-045f184 e-flex e-con-boxed e-con e-parent\" data-id=\"045f184\" data-element_type=\"container\" data-e-type=\"container\" data-settings=\"{&quot;background_background&quot;:&quot;classic&quot;,&quot;jet_parallax_layout_list&quot;:[]}\">\n\t\t\t\t\t<div class=\"e-con-inner\">\n\t\t<div class=\"elementor-element elementor-element-88c6063 e-con-full e-flex e-con e-child\" data-id=\"88c6063\" data-element_type=\"container\" data-e-type=\"container\" data-settings=\"{&quot;jet_parallax_layout_list&quot;:[]}\">\n\t\t<div class=\"elementor-element elementor-element-523e11b e-con-full e-flex e-con e-child\" data-id=\"523e11b\" data-element_type=\"container\" data-e-type=\"container\" data-settings=\"{&quot;jet_parallax_layout_list&quot;:[]}\">\n\t\t\t\t<div class=\"elementor-element elementor-element-8997d8a elementor-widget elementor-widget-shortcode\" data-id=\"8997d8a\" data-element_type=\"widget\" data-e-type=\"widget\" data-widget_type=\"shortcode.default\">\n\t\t\t\t\t\t\t<div class=\"elementor-shortcode\"><nav aria-label=\"breadcrumbs\" class=\"rank-math-breadcrumb\"><p><span class=\"last\">Accueil<\/span><\/p><\/nav><\/div>\n\t\t\t\t\t\t<\/div>\n\t\t\t\t<div class=\"elementor-element elementor-element-4e56276 elementor-widget-divider--view-line elementor-widget elementor-widget-divider\" data-id=\"4e56276\" data-element_type=\"widget\" data-e-type=\"widget\" data-widget_type=\"divider.default\">\n\t\t\t\t\t\t\t<div class=\"elementor-divider\">\n\t\t\t<span class=\"elementor-divider-separator\">\n\t\t\t\t\t\t<\/span>\n\t\t<\/div>\n\t\t\t\t\t\t<\/div>\n\t\t\t\t<div class=\"elementor-element elementor-element-fabdd98 elementor-widget elementor-widget-text-editor\" data-id=\"fabdd98\" data-element_type=\"widget\" data-e-type=\"widget\" data-widget_type=\"text-editor.default\">\n\t\t\t\t\t\t\t\t\tTrivec sera pr\u00e9sent \u00e0 DOMOTEX 2026. Tout au long du salon, nous ferons des d\u00e9monstrations de machines en fonctionnement et partagerons les derniers d\u00e9veloppements en mati\u00e8re de texturation et de finition du bois. En tant que client existant, vous \u00eates chaleureusement invit\u00e9 \u00e0 nous rejoindre sur le stand et \u00e0 d\u00e9couvrir de pr\u00e8s notre derni\u00e8re technologie.  \t\t\t\t\t\t\t\t<\/div>\n\t\t<div class=\"elementor-element elementor-element-bb9b161 e-con-full e-flex e-con e-child\" data-id=\"bb9b161\" data-element_type=\"container\" data-e-type=\"container\" data-settings=\"{&quot;jet_parallax_layout_list&quot;:[]}\">\n\t\t\t\t<div class=\"elementor-element elementor-element-fc461b7 elementor-widget elementor-widget-button\" data-id=\"fc461b7\" data-element_type=\"widget\" data-e-type=\"widget\" data-widget_type=\"button.default\">\n\t\t\t\t\t\t\t\t\t\t<a class=\"elementor-button elementor-button-link elementor-size-sm\" href=\"https:\/\/www.domotex.de\/en\/application\/registration\/direct-entry-tickets-passes?code=qG0Ta\" target=\"_blank\" rel=\"noopener\">\n\t\t\t\t\t\t<span class=\"elementor-button-content-wrapper\">\n\t\t\t\t\t\t\t\t\t<span class=\"elementor-button-text\">Obtenez votre billet gratuit<\/span>\n\t\t\t\t\t<\/span>\n\t\t\t\t\t<\/a>\n\t\t\t\t\t\t\t\t<\/div>\n\t\t\t\t<\/div>\n\t\t\t\t<\/div>\n\t\t<div class=\"elementor-element elementor-element-6bd3465 e-con-full elementor-hidden-mobile e-flex e-con e-child\" data-id=\"6bd3465\" data-element_type=\"container\" data-e-type=\"container\" data-settings=\"{&quot;jet_parallax_layout_list&quot;:[]}\">\n\t\t\t\t<\/div>\n\t\t\t\t<\/div>\n\t\t\t\t\t<\/div>\n\t\t\t\t<\/div>\n\t\t<div class=\"elementor-element elementor-element-b2670a8 e-flex e-con-boxed e-con e-parent\" data-id=\"b2670a8\" data-element_type=\"container\" data-e-type=\"container\" data-settings=\"{&quot;jet_parallax_layout_list&quot;:[],&quot;background_background&quot;:&quot;classic&quot;}\">\n\t\t\t\t\t<div class=\"e-con-inner\">\n\t\t<div class=\"elementor-element elementor-element-9482a74 e-con-full elementor-hidden-mobile e-flex e-con e-child\" data-id=\"9482a74\" data-element_type=\"container\" data-e-type=\"container\" data-settings=\"{&quot;jet_parallax_layout_list&quot;:[]}\">\n\t\t\t\t<div class=\"elementor-element elementor-element-a8fc4fa elementor-widget elementor-widget-image\" data-id=\"a8fc4fa\" data-element_type=\"widget\" data-e-type=\"widget\" data-widget_type=\"image.default\">\n\t\t\t\t\t\t\t\t\t\t\t\t\t\t\t<img decoding=\"async\" width=\"800\" height=\"800\" data-src=\"https:\/\/trivec.eu\/wp-content\/uploads\/2026\/01\/Rotor-cup-brushing-machine-cabin-web.png\" class=\"attachment-large size-large wp-image-16005 lazyload\" alt=\"\" data-srcset=\"https:\/\/trivec.eu\/wp-content\/uploads\/2026\/01\/Rotor-cup-brushing-machine-cabin-web.png 800w, https:\/\/trivec.eu\/wp-content\/uploads\/2026\/01\/Rotor-cup-brushing-machine-cabin-web-300x300.png 300w, https:\/\/trivec.eu\/wp-content\/uploads\/2026\/01\/Rotor-cup-brushing-machine-cabin-web-150x150.png 150w, https:\/\/trivec.eu\/wp-content\/uploads\/2026\/01\/Rotor-cup-brushing-machine-cabin-web-768x768.png 768w\" data-sizes=\"auto\" title=\"\" src=\"data:image\/svg+xml;base64,PHN2ZyB3aWR0aD0iMSIgaGVpZ2h0PSIxIiB4bWxucz0iaHR0cDovL3d3dy53My5vcmcvMjAwMC9zdmciPjwvc3ZnPg==\" style=\"--smush-placeholder-width: 800px; --smush-placeholder-aspect-ratio: 800\/800;\" data-original-sizes=\"(max-width: 800px) 100vw, 800px\">\t\t\t\t\t\t\t\t\t\t\t\t\t\t\t<\/div>\n\t\t\t\t<\/div>\n\t\t<div class=\"elementor-element elementor-element-cf526a3 e-con-full e-flex e-con e-child\" data-id=\"cf526a3\" data-element_type=\"container\" data-e-type=\"container\" data-settings=\"{&quot;jet_parallax_layout_list&quot;:[]}\">\n\t\t\t\t<div class=\"elementor-element elementor-element-0039a11 elementor-widget elementor-widget-heading\" data-id=\"0039a11\" data-element_type=\"widget\" data-e-type=\"widget\" data-widget_type=\"heading.default\">\n\t\t\t\t\t<h2 class=\"elementor-heading-title elementor-size-default\">19-22 janvier 2026 | Hanovre, Allemagne<\/h2>\t\t\t\t<\/div>\n\t\t\t\t<div class=\"elementor-element elementor-element-cbcad40 elementor-widget elementor-widget-heading\" data-id=\"cbcad40\" data-element_type=\"widget\" data-e-type=\"widget\" data-widget_type=\"heading.default\">\n\t\t\t\t\t<h2 class=\"elementor-heading-title elementor-size-default\">D\u00e9couvrez la nouvelle machine \u00e0 brosser les coupes de rotor<\/h2>\t\t\t\t<\/div>\n\t\t\t\t<div class=\"elementor-element elementor-element-0d3f5f8 elementor-widget-divider--view-line elementor-widget elementor-widget-divider\" data-id=\"0d3f5f8\" data-element_type=\"widget\" data-e-type=\"widget\" data-widget_type=\"divider.default\">\n\t\t\t\t\t\t\t<div class=\"elementor-divider\">\n\t\t\t<span class=\"elementor-divider-separator\">\n\t\t\t\t\t\t<\/span>\n\t\t<\/div>\n\t\t\t\t\t\t<\/div>\n\t\t\t\t<div class=\"elementor-element elementor-element-0c5c8b9 elementor-widget elementor-widget-text-editor\" data-id=\"0c5c8b9\" data-element_type=\"widget\" data-e-type=\"widget\" data-widget_type=\"text-editor.default\">\n\t\t\t\t\t\t\t\t\t<p data-start=\"336\" data-end=\"756\">Cette ann\u00e9e marque la premi\u00e8re de notre toute nouvelle <strong data-start=\"854\" data-end=\"884\">machine de brossage \u00e0 godets<\/strong>. Visitez notre stand pour d\u00e9couvrir la machine en d\u00e9tail, voir sa construction de pr\u00e8s et discuter avec notre \u00e9quipe de la fa\u00e7on dont la technologie de brossage de gobelets cr\u00e9e des textures 3D profondes et naturelles.<br data-start=\"1061\" data-end=\"1064\">Nous vous pr\u00e9senterons les stations du rotor, les types de brosses et les options de configuration, et nous discuterons de la fa\u00e7on dont la machine peut s&rsquo;int\u00e9grer dans votre ligne de production actuelle ou future. <\/p>\t\t\t\t\t\t\t\t<\/div>\n\t\t<div class=\"elementor-element elementor-element-eff4177 e-con-full e-flex e-con e-child\" data-id=\"eff4177\" data-element_type=\"container\" data-e-type=\"container\" data-settings=\"{&quot;jet_parallax_layout_list&quot;:[]}\">\n\t\t\t\t<div class=\"elementor-element elementor-element-c43f857 elementor-align-left elementor-widget elementor-widget-button\" data-id=\"c43f857\" data-element_type=\"widget\" data-e-type=\"widget\" data-widget_type=\"button.default\">\n\t\t\t\t\t\t\t\t\t\t<a class=\"elementor-button elementor-button-link elementor-size-sm\" href=\"https:\/\/trivec.eu\/fr\/producten\/machine-a-brosser-les-coupes-de-rotor\/\" target=\"_blank\">\n\t\t\t\t\t\t<span class=\"elementor-button-content-wrapper\">\n\t\t\t\t\t\t\t\t\t<span class=\"elementor-button-text\">Voir la machine \u00e0 brosser les coupes de rotor<\/span>\n\t\t\t\t\t<\/span>\n\t\t\t\t\t<\/a>\n\t\t\t\t\t\t\t\t<\/div>\n\t\t\t\t<div class=\"elementor-element elementor-element-b21e192 elementor-align-left elementor-widget elementor-widget-button\" data-id=\"b21e192\" data-element_type=\"widget\" data-e-type=\"widget\" data-widget_type=\"button.default\">\n\t\t\t\t\t\t\t\t\t\t<a class=\"elementor-button elementor-button-link elementor-size-sm\" href=\"https:\/\/www.domotex.de\/en\/application\/registration\/direct-entry-tickets-passes?code=qG0Ta\" target=\"_blank\" rel=\"noopener\">\n\t\t\t\t\t\t<span class=\"elementor-button-content-wrapper\">\n\t\t\t\t\t\t\t\t\t<span class=\"elementor-button-text\">Obtenez votre billet gratuit<\/span>\n\t\t\t\t\t<\/span>\n\t\t\t\t\t<\/a>\n\t\t\t\t\t\t\t\t<\/div>\n\t\t\t\t<\/div>\n\t\t\t\t<\/div>\n\t\t\t\t\t<\/div>\n\t\t\t\t<\/div>\n\t\t<div class=\"elementor-element elementor-element-10b9b78 e-flex e-con-boxed e-con e-parent\" data-id=\"10b9b78\" data-element_type=\"container\" data-e-type=\"container\" data-settings=\"{&quot;jet_parallax_layout_list&quot;:[]}\">\n\t\t\t\t\t<div class=\"e-con-inner\">\n\t\t<div class=\"elementor-element elementor-element-fd4cbe7 e-con-full e-flex e-con e-child\" data-id=\"fd4cbe7\" data-element_type=\"container\" data-e-type=\"container\" data-settings=\"{&quot;jet_parallax_layout_list&quot;:[]}\">\n\t\t<div class=\"elementor-element elementor-element-64e9051 e-con-full e-flex e-con e-child\" data-id=\"64e9051\" data-element_type=\"container\" data-e-type=\"container\" data-settings=\"{&quot;jet_parallax_layout_list&quot;:[]}\">\n\t\t\t\t<div class=\"elementor-element elementor-element-d62cf49 elementor-widget elementor-widget-heading\" data-id=\"d62cf49\" data-element_type=\"widget\" data-e-type=\"widget\" data-widget_type=\"heading.default\">\n\t\t\t\t\t<h2 class=\"elementor-heading-title elementor-size-default\">Autres machines expos\u00e9es<\/h2>\t\t\t\t<\/div>\n\t\t\t\t<div class=\"elementor-element elementor-element-5246f9c elementor-widget-divider--view-line elementor-widget elementor-widget-divider\" data-id=\"5246f9c\" data-element_type=\"widget\" data-e-type=\"widget\" data-widget_type=\"divider.default\">\n\t\t\t\t\t\t\t<div class=\"elementor-divider\">\n\t\t\t<span class=\"elementor-divider-separator\">\n\t\t\t\t\t\t<\/span>\n\t\t<\/div>\n\t\t\t\t\t\t<\/div>\n\t\t\t\t<div class=\"elementor-element elementor-element-42511d8 elementor-widget__width-initial elementor-widget elementor-widget-text-editor\" data-id=\"42511d8\" data-element_type=\"widget\" data-e-type=\"widget\" data-widget_type=\"text-editor.default\">\n\t\t\t\t\t\t\t\t\t<p>Outre la machine \u00e0 brosser les coupes de rotor, vous pourrez \u00e9galement d\u00e9couvrir d&rsquo;autres solutions Trivec sur le stand.<br data-start=\"1392\" data-end=\"1395\">Ensemble, nous cr\u00e9ons des syst\u00e8mes qui vous aident \u00e0 vous d\u00e9velopper, \u00e0 vous am\u00e9liorer et \u00e0 travailler de mani\u00e8re plus efficace et plus durable.<\/p>\t\t\t\t\t\t\t\t<\/div>\n\t\t\t\t<\/div>\n\t\t<div class=\"elementor-element elementor-element-d5c7598 e-con-full e-flex e-con e-child\" data-id=\"d5c7598\" data-element_type=\"container\" data-e-type=\"container\" data-settings=\"{&quot;jet_parallax_layout_list&quot;:[]}\">\n\t\t\t\t<div class=\"elementor-element elementor-element-50f3fd8 elementor-align-right elementor-widget elementor-widget-button\" data-id=\"50f3fd8\" data-element_type=\"widget\" data-e-type=\"widget\" data-widget_type=\"button.default\">\n\t\t\t\t\t\t\t\t\t\t<a class=\"elementor-button elementor-button-link elementor-size-sm\" href=\"https:\/\/www.domotex.de\/en\/application\/registration\/direct-entry-tickets-passes?code=qG0Ta\" target=\"_blank\" rel=\"noopener\">\n\t\t\t\t\t\t<span class=\"elementor-button-content-wrapper\">\n\t\t\t\t\t\t\t\t\t<span class=\"elementor-button-text\">Obtenez votre billet gratuit<\/span>\n\t\t\t\t\t<\/span>\n\t\t\t\t\t<\/a>\n\t\t\t\t\t\t\t\t<\/div>\n\t\t\t\t<\/div>\n\t\t\t\t<\/div>\n\t\t<div class=\"elementor-element elementor-element-a980fc5 e-con-full e-flex e-con e-child\" data-id=\"a980fc5\" data-element_type=\"container\" data-e-type=\"container\" data-settings=\"{&quot;jet_parallax_layout_list&quot;:[]}\">\n\t\t\t\t<div class=\"elementor-element elementor-element-43e15b7 elementor-flip-box--effect-fade elementor-widget elementor-widget-flip-box\" data-id=\"43e15b7\" data-element_type=\"widget\" data-e-type=\"widget\" data-widget_type=\"flip-box.default\">\n\t\t\t\t\t\t\t<div class=\"elementor-flip-box\" tabindex=\"0\">\n\t\t\t<div class=\"elementor-flip-box__layer elementor-flip-box__front\">\n\t\t\t\t<div class=\"elementor-flip-box__layer__overlay\">\n\t\t\t\t\t<div class=\"elementor-flip-box__layer__inner\">\n\t\t\t\t\t\t\n\t\t\t\t\t\t\t\t\t\t\t\t\t<h3 class=\"elementor-flip-box__layer__title\">\n\t\t\t\t\t\t\t\tMachine \u00e0 brosser Deux unit\u00e9s de brossage\t\t\t\t\t\t\t<\/h3>\n\t\t\t\t\t\t\n\t\t\t\t\t\t\t\t\t\t\t\t\t<div class=\"elementor-flip-box__layer__description\">\n\t\t\t\t\t\t\t\tPour les textures, les effets de vieillissement et les applications de polissage dans les parquets et les \u00e9l\u00e9ments en bois.\t\t\t\t\t\t\t<\/div>\n\t\t\t\t\t\t\t\t\t\t\t<\/div>\n\t\t\t\t<\/div>\n\t\t\t<\/div>\n\t\t\t<a class=\"elementor-flip-box__layer elementor-flip-box__back\" href=\"https:\/\/trivec.eu\/producten\/brushing-machine-2-brush-units\/\" target=\"_blank\">\n\t\t\t<div class=\"elementor-flip-box__layer__overlay\">\n\t\t\t\t<div class=\"elementor-flip-box__layer__inner\">\n\t\t\t\t\t\t\t\t\t\t\t<h3 class=\"elementor-flip-box__layer__title\">\n\t\t\t\t\t\t\tMachine \u00e0 brosser Deux unit\u00e9s de brossage\t\t\t\t\t\t<\/h3>\n\t\t\t\t\t\n\t\t\t\t\t\t\t\t\t\t\t<div class=\"elementor-flip-box__layer__description\">\n\t\t\t\t\t\t\tPour les textures, les effets de vieillissement et les applications de polissage dans les parquets et les \u00e9l\u00e9ments en bois.\t\t\t\t\t\t<\/div>\n\t\t\t\t\t\n\t\t\t\t\t\t\t\t\t\t\t<span class=\"elementor-flip-box__button elementor-button elementor-size-xs\">\n\t\t\t\t\t\t\tEn savoir plus\t\t\t\t\t\t<\/span>\n\t\t\t\t\t\t\t\t<\/div>\n\t\t<\/div>\n\t\t<\/a>\n\t\t<\/div>\n\t\t\t\t\t\t<\/div>\n\t\t\t\t<div class=\"elementor-element elementor-element-a132069 elementor-flip-box--effect-fade elementor-widget elementor-widget-flip-box\" data-id=\"a132069\" data-element_type=\"widget\" data-e-type=\"widget\" data-widget_type=\"flip-box.default\">\n\t\t\t\t\t\t\t<div class=\"elementor-flip-box\" tabindex=\"0\">\n\t\t\t<div class=\"elementor-flip-box__layer elementor-flip-box__front\">\n\t\t\t\t<div class=\"elementor-flip-box__layer__overlay\">\n\t\t\t\t\t<div class=\"elementor-flip-box__layer__inner\">\n\t\t\t\t\t\t\n\t\t\t\t\t\t\t\t\t\t\t\t\t<h2 class=\"elementor-flip-box__layer__title\">\n\t\t\t\t\t\t\t\tMachine \u00e0 brosser les rotors\t\t\t\t\t\t\t<\/h2>\n\t\t\t\t\t\t\n\t\t\t\t\t\t\t\t\t\t\t\t\t<div class=\"elementor-flip-box__layer__description\">\n\t\t\t\t\t\t\t\tSix brosses positionn\u00e9es autour d'un axe central pour un traitement intensif et des r\u00e9sultats uniformes en surface.\t\t\t\t\t\t\t<\/div>\n\t\t\t\t\t\t\t\t\t\t\t<\/div>\n\t\t\t\t<\/div>\n\t\t\t<\/div>\n\t\t\t<a class=\"elementor-flip-box__layer elementor-flip-box__back\" href=\"https:\/\/trivec.eu\/producten\/rotor-brushing-machine\/\" target=\"_blank\">\n\t\t\t<div class=\"elementor-flip-box__layer__overlay\">\n\t\t\t\t<div class=\"elementor-flip-box__layer__inner\">\n\t\t\t\t\t\t\t\t\t\t\t<h2 class=\"elementor-flip-box__layer__title\">\n\t\t\t\t\t\t\tMachine \u00e0 brosser les rotors\t\t\t\t\t\t<\/h2>\n\t\t\t\t\t\n\t\t\t\t\t\t\t\t\t\t\t<div class=\"elementor-flip-box__layer__description\">\n\t\t\t\t\t\t\tSix brosses positionn\u00e9es autour d'un axe central pour un traitement intensif et des r\u00e9sultats uniformes en surface.\t\t\t\t\t\t<\/div>\n\t\t\t\t\t\n\t\t\t\t\t\t\t\t\t\t\t<span class=\"elementor-flip-box__button elementor-button elementor-size-xs\">\n\t\t\t\t\t\t\tEn savoir plus\t\t\t\t\t\t<\/span>\n\t\t\t\t\t\t\t\t<\/div>\n\t\t<\/div>\n\t\t<\/a>\n\t\t<\/div>\n\t\t\t\t\t\t<\/div>\n\t\t\t\t<div class=\"elementor-element elementor-element-33ccf89 elementor-flip-box--effect-fade elementor-widget elementor-widget-flip-box\" data-id=\"33ccf89\" data-element_type=\"widget\" data-e-type=\"widget\" data-widget_type=\"flip-box.default\">\n\t\t\t\t\t\t\t<div class=\"elementor-flip-box\" tabindex=\"0\">\n\t\t\t<div class=\"elementor-flip-box__layer elementor-flip-box__front\">\n\t\t\t\t<div class=\"elementor-flip-box__layer__overlay\">\n\t\t\t\t\t<div class=\"elementor-flip-box__layer__inner\">\n\t\t\t\t\t\t\n\t\t\t\t\t\t\t\t\t\t\t\t\t<h2 class=\"elementor-flip-box__layer__title\">\n\t\t\t\t\t\t\t\tEnrobeuse \u00e0 double rouleau\t\t\t\t\t\t\t<\/h2>\n\t\t\t\t\t\t\n\t\t\t\t\t\t\t\t\t\t\t\t\t<div class=\"elementor-flip-box__layer__description\">\n\t\t\t\t\t\t\t\tPour une application pr\u00e9cise, propre et reproductible des rev\u00eatements dans les processus de finition industrielle.\t\t\t\t\t\t\t<\/div>\n\t\t\t\t\t\t\t\t\t\t\t<\/div>\n\t\t\t\t<\/div>\n\t\t\t<\/div>\n\t\t\t<a class=\"elementor-flip-box__layer elementor-flip-box__back\" href=\"https:\/\/trivec.eu\/producten\/double-roller-coater-experience\/\" target=\"_blank\">\n\t\t\t<div class=\"elementor-flip-box__layer__overlay\">\n\t\t\t\t<div class=\"elementor-flip-box__layer__inner\">\n\t\t\t\t\t\t\t\t\t\t\t<h2 class=\"elementor-flip-box__layer__title\">\n\t\t\t\t\t\t\tEnrobeuse \u00e0 double rouleau\t\t\t\t\t\t<\/h2>\n\t\t\t\t\t\n\t\t\t\t\t\t\t\t\t\t\t<div class=\"elementor-flip-box__layer__description\">\n\t\t\t\t\t\t\tPour une application pr\u00e9cise, propre et reproductible des rev\u00eatements dans les processus de finition industrielle.\t\t\t\t\t\t<\/div>\n\t\t\t\t\t\n\t\t\t\t\t\t\t\t\t\t\t<span class=\"elementor-flip-box__button elementor-button elementor-size-xs\">\n\t\t\t\t\t\t\tEn savoir plus\t\t\t\t\t\t<\/span>\n\t\t\t\t\t\t\t\t<\/div>\n\t\t<\/div>\n\t\t<\/a>\n\t\t<\/div>\n\t\t\t\t\t\t<\/div>\n\t\t\t\t<\/div>\n\t\t\t\t\t<\/div>\n\t\t\t\t<\/div>\n\t\t<div class=\"elementor-element elementor-element-33a0061 e-flex e-con-boxed e-con e-parent\" data-id=\"33a0061\" data-element_type=\"container\" data-e-type=\"container\" data-settings=\"{&quot;background_background&quot;:&quot;classic&quot;,&quot;jet_parallax_layout_list&quot;:[]}\">\n\t\t\t\t\t<div class=\"e-con-inner\">\n\t\t<div class=\"elementor-element elementor-element-ee7bd91 e-con-full e-flex e-con e-child\" data-id=\"ee7bd91\" data-element_type=\"container\" data-e-type=\"container\" data-settings=\"{&quot;jet_parallax_layout_list&quot;:[]}\">\n\t\t\t\t<div class=\"elementor-element elementor-element-eaf7b66 elementor-widget elementor-widget-heading\" data-id=\"eaf7b66\" data-element_type=\"widget\" data-e-type=\"widget\" data-widget_type=\"heading.default\">\n\t\t\t\t\t<h2 class=\"elementor-heading-title elementor-size-default\">Nous serions ravis de vous voir \u00e0 DOMOTEX 2026.<\/h2>\t\t\t\t<\/div>\n\t\t\t\t<div class=\"elementor-element elementor-element-178d7a2 elementor-widget elementor-widget-text-editor\" data-id=\"178d7a2\" data-element_type=\"widget\" data-e-type=\"widget\" data-widget_type=\"text-editor.default\">\n\t\t\t\t\t\t\t\t\t<p>Obtenez votre <strong data-start=\"2032\" data-end=\"2047\">billet gratuit<\/strong> exclusif et d\u00e9couvrez nos machines de pr\u00e8s.<\/p>\t\t\t\t\t\t\t\t<\/div>\n\t\t<div class=\"elementor-element elementor-element-74cc711 e-con-full e-flex e-con e-child\" data-id=\"74cc711\" data-element_type=\"container\" data-e-type=\"container\" data-settings=\"{&quot;jet_parallax_layout_list&quot;:[]}\">\n\t\t\t\t<div class=\"elementor-element elementor-element-f2d1381 elementor-align-right elementor-widget elementor-widget-button\" data-id=\"f2d1381\" data-element_type=\"widget\" data-e-type=\"widget\" data-widget_type=\"button.default\">\n\t\t\t\t\t\t\t\t\t\t<a class=\"elementor-button elementor-button-link elementor-size-sm\" href=\"https:\/\/www.domotex.de\/en\/application\/registration\/direct-entry-tickets-passes?code=qG0Ta\" target=\"_blank\" rel=\"noopener\">\n\t\t\t\t\t\t<span class=\"elementor-button-content-wrapper\">\n\t\t\t\t\t\t\t\t\t<span class=\"elementor-button-text\">Obtenez votre billet gratuit<\/span>\n\t\t\t\t\t<\/span>\n\t\t\t\t\t<\/a>\n\t\t\t\t\t\t\t\t<\/div>\n\t\t\t\t<\/div>\n\t\t\t\t<\/div>\n\t\t<div class=\"elementor-element elementor-element-b463b11 e-con-full e-flex e-con e-child\" data-id=\"b463b11\" data-element_type=\"container\" data-e-type=\"container\" data-settings=\"{&quot;jet_parallax_layout_list&quot;:[]}\">\n\t\t\t\t<div class=\"elementor-element elementor-element-efd40a2 elementor-widget elementor-widget-image\" data-id=\"efd40a2\" data-element_type=\"widget\" data-e-type=\"widget\" data-widget_type=\"image.default\">\n\t\t\t\t\t\t\t\t\t\t\t\t\t\t\t<img decoding=\"async\" width=\"800\" height=\"302\" data-src=\"https:\/\/trivec.eu\/wp-content\/uploads\/2025\/11\/Banner-lp-domotex.png\" class=\"attachment-large size-large wp-image-16006 lazyload\" alt=\"\" data-srcset=\"https:\/\/trivec.eu\/wp-content\/uploads\/2025\/11\/Banner-lp-domotex.png 994w, https:\/\/trivec.eu\/wp-content\/uploads\/2025\/11\/Banner-lp-domotex-300x113.png 300w, https:\/\/trivec.eu\/wp-content\/uploads\/2025\/11\/Banner-lp-domotex-768x290.png 768w\" data-sizes=\"auto\" title=\"\" src=\"data:image\/svg+xml;base64,PHN2ZyB3aWR0aD0iMSIgaGVpZ2h0PSIxIiB4bWxucz0iaHR0cDovL3d3dy53My5vcmcvMjAwMC9zdmciPjwvc3ZnPg==\" style=\"--smush-placeholder-width: 800px; --smush-placeholder-aspect-ratio: 800\/302;\" data-original-sizes=\"(max-width: 800px) 100vw, 800px\">\t\t\t\t\t\t\t\t\t\t\t\t\t\t\t<\/div>\n\t\t\t\t<\/div>\n\t\t\t\t\t<\/div>\n\t\t\t\t<\/div>\n\t\t\t\t<\/div>\n\t\t","protected":false},"excerpt":{"rendered":"<p>Obtenez votre billet gratuit 19-22 janvier 2026 | Hanovre, Allemagne D\u00e9couvrez la nouvelle machine \u00e0 brosser les coupes de rotor Cette ann\u00e9e marque la premi\u00e8re de notre toute nouvelle machine de brossage \u00e0 godets. Visitez notre stand pour d\u00e9couvrir la machine en d\u00e9tail, voir sa construction de pr\u00e8s et discuter avec notre \u00e9quipe de la [&hellip;]<\/p>\n","protected":false},"author":1,"featured_media":16006,"parent":0,"menu_order":13,"comment_status":"closed","ping_status":"closed","template":"elementor_header_footer","meta":{"footnotes":""},"class_list":["post-16002","page","type-page","status-publish","has-post-thumbnail","hentry"],"_links":{"self":[{"href":"https:\/\/trivec.eu\/fr\/wp-json\/wp\/v2\/pages\/16002","targetHints":{"allow":["GET"]}}],"collection":[{"href":"https:\/\/trivec.eu\/fr\/wp-json\/wp\/v2\/pages"}],"about":[{"href":"https:\/\/trivec.eu\/fr\/wp-json\/wp\/v2\/types\/page"}],"author":[{"embeddable":true,"href":"https:\/\/trivec.eu\/fr\/wp-json\/wp\/v2\/users\/1"}],"replies":[{"embeddable":true,"href":"https:\/\/trivec.eu\/fr\/wp-json\/wp\/v2\/comments?post=16002"}],"version-history":[{"count":1,"href":"https:\/\/trivec.eu\/fr\/wp-json\/wp\/v2\/pages\/16002\/revisions"}],"predecessor-version":[{"id":16008,"href":"https:\/\/trivec.eu\/fr\/wp-json\/wp\/v2\/pages\/16002\/revisions\/16008"}],"wp:featuredmedia":[{"embeddable":true,"href":"https:\/\/trivec.eu\/fr\/wp-json\/wp\/v2\/media\/16006"}],"wp:attachment":[{"href":"https:\/\/trivec.eu\/fr\/wp-json\/wp\/v2\/media?parent=16002"}],"curies":[{"name":"wp","href":"https:\/\/api.w.org\/{rel}","templated":true}]}}